{"id":3,"date":"2024-07-15T10:27:40","date_gmt":"2024-07-15T02:27:40","guid":{"rendered":"http:\/\/guassky.com\/?page_id=3"},"modified":"2024-12-20T11:14:59","modified_gmt":"2024-12-20T03:14:59","slug":"gizlilik-politikasi","status":"publish","type":"page","link":"https:\/\/gaussky.com\/tr\/gizlilik-politikasi\/","title":{"rendered":"\u9690\u79c1\u653f\u7b56"},"content":{"rendered":"<style>.elementor-3 .elementor-element.elementor-element-16eb8200{--display:flex;overflow:visible;}<\/style>\t\t<div data-elementor-type=\"wp-page\" data-elementor-id=\"3\" class=\"elementor elementor-3\" data-elementor-settings=\"{&quot;ha_cmc_init_switcher&quot;:&quot;no&quot;}\" data-elementor-post-type=\"page\">\n\t\t\t\t<div class=\"elementor-element elementor-element-16eb8200 e-flex e-con-boxed e-con e-parent\" data-id=\"16eb8200\" data-element_type=\"container\" data-settings=\"{&quot;_ha_eqh_enable&quot;:false}\">\n\t\t\t\t\t<div class=\"e-con-inner\">\n\t\t\t\t<div class=\"elementor-element elementor-element-76b6e6b1 elementor-widget elementor-widget-text-editor\" data-id=\"76b6e6b1\" data-element_type=\"widget\" data-settings=\"{&quot;ekit_we_effect_on&quot;:&quot;none&quot;}\" data-widget_type=\"text-editor.default\">\n\t\t\t\t<div class=\"elementor-widget-container\">\n\t\t\t\t\t\t\t\t\t\n<p>\u00a0<\/p>\n<p>\u00a0<\/p>\n<h2 class=\"wp-block-heading\">Biz Kimiz<\/h2>\n<p>Web sitemiz http:\/\/guassky.com.<\/p>\n<h2>Yorumlar<\/h2>\n<p>Bir ziyaret\u00e7i yorum b\u0131rakt\u0131\u011f\u0131nda, yorum spam'ini tespit etmeye yard\u0131mc\u0131 olmak i\u00e7in yorum formundaki verilerin yan\u0131 s\u0131ra ziyaret\u00e7inin IP adresi ve taray\u0131c\u0131 Kullan\u0131c\u0131 Arac\u0131s\u0131 dizesini de toplar\u0131z.<\/p>\n<p>E-posta adresinizden olu\u015fturulan anonimle\u015ftirilmi\u015f bir dize (hash olarak da bilinir), hizmeti kullan\u0131m\u0131n\u0131z\u0131 onaylamak i\u00e7in Gravatar hizmetine sa\u011flanabilir. Hizmetlerin gizlilik politikas\u0131na buradan ula\u015fabilirsiniz: https:\/\/automattic.com\/privacy\/. Yorumunuz onayland\u0131ktan sonra, profil resminiz yorumunuzun yan\u0131nda herkese a\u00e7\u0131k olarak g\u00f6r\u00fcnt\u00fclenecektir.<\/p>\n<h2>Medya<\/h2>\n<p>Bu siteye resim y\u00fcklerseniz, g\u00f6m\u00fcl\u00fc co\u011frafi konum bilgileri (EXIF GPS) i\u00e7eren resimleri y\u00fcklemekten ka\u00e7\u0131nmal\u0131s\u0131n\u0131z. Bu sitenin ziyaret\u00e7ileri, bu sitedeki resimlerden konum bilgilerini indirebilir ve \u00e7\u0131karabilir.<\/p>\n<h2>\u00c7erezler<\/h2>\n<p>Sitemize bir yorum b\u0131rak\u0131rsan\u0131z, \u00c7erezleri kullanarak ad\u0131n\u0131z\u0131, e-posta adresinizi ve web adresinizi kaydetmeyi se\u00e7ebilirsiniz. Bu, yorumlarda ilgili i\u00e7eri\u011fi tekrar doldurmak zorunda kalmaman\u0131z a\u00e7\u0131s\u0131ndan sizin i\u00e7in bir kolayl\u0131kt\u0131r. Bu \u00c7erezler bir y\u0131l boyunca saklan\u0131r.<\/p>\n<p>Giri\u015f sayfam\u0131z\u0131 ziyaret ederseniz, taray\u0131c\u0131n\u0131z\u0131n \u00c7erezleri kabul etti\u011fini onaylamak i\u00e7in ge\u00e7ici bir \u00c7erez ayarlayaca\u011f\u0131z. Bu \u00c7erez hi\u00e7bir ki\u015fisel veri i\u00e7ermez ve taray\u0131c\u0131n\u0131z\u0131 kapatt\u0131\u011f\u0131n\u0131zda at\u0131l\u0131r.<\/p>\n<p>Giri\u015f yapt\u0131\u011f\u0131n\u0131zda, giri\u015f bilgilerinizi ve ekran g\u00f6r\u00fcnt\u00fcleme se\u00e7eneklerinizi kaydetmek i\u00e7in bir dizi \u00c7erez de ayarlar\u0131z. Oturum a\u00e7ma \u00c7erezleri iki g\u00fcn, ekran g\u00f6r\u00fcnt\u00fcleme \u00c7erezleri ise bir y\u0131l boyunca saklan\u0131r. \"Beni hat\u0131rla\" se\u00e7ene\u011fini se\u00e7erseniz, giri\u015f durumunuz iki hafta boyunca saklan\u0131r. Hesab\u0131n\u0131zdan \u00e7\u0131k\u0131\u015f yaparsan\u0131z, giri\u015f yapmak i\u00e7in kullan\u0131lan \u00c7erezler kald\u0131r\u0131lacakt\u0131r.<\/p>\n<p>Bir makaleyi d\u00fczenledi\u011finizde veya yay\u0131nlad\u0131\u011f\u0131n\u0131zda, taray\u0131c\u0131n\u0131za ek bir \u00c7erez kaydedece\u011fiz. Bu \u00c7erez ki\u015fisel veri i\u00e7ermez, sadece d\u00fczenledi\u011finiz yaz\u0131n\u0131n kimli\u011fini kaydeder. Bu \u00c7erez bir g\u00fcn boyunca saklanacakt\u0131r.<\/p>\n<h2>Di\u011fer web sitelerinden g\u00f6m\u00fcl\u00fc i\u00e7erik<\/h2>\n<p>Bu sitedeki makaleler g\u00f6m\u00fcl\u00fc i\u00e7erik (videolar, resimler, makaleler vb.) i\u00e7erebilir. Di\u011fer sitelerden gelen g\u00f6m\u00fcl\u00fc i\u00e7eri\u011fin davran\u0131\u015f\u0131, bu di\u011fer siteleri do\u011frudan ziyaret etti\u011finizden farkl\u0131 de\u011fildir.<\/p>\n<p>Bu siteler hakk\u0131n\u0131zda veri toplayabilir, \u00c7erezler kullanabilir, ek \u00fc\u00e7\u00fcnc\u00fc taraf izleyiciler yerle\u015ftirebilir ve sitelerde bir hesab\u0131n\u0131z oldu\u011funda ve sitelerde oturum a\u00e7t\u0131\u011f\u0131n\u0131zda yerle\u015ftirilmi\u015f i\u00e7erikle etkile\u015fimlerinizi izlemek de dahil olmak \u00fczere yerle\u015ftirilmi\u015f i\u00e7erikle etkile\u015fimlerinizi izleyebilir.<\/p>\n<h2>Bilgilerinizi Kiminle Payla\u015f\u0131yoruz<\/h2>\n<p>Parola s\u0131f\u0131rlama talebinde bulunursan\u0131z, IP adresiniz parola s\u0131f\u0131rlama e-postas\u0131na dahil edilecektir.<\/p>\n<h2>Bilgilerinizi ne kadar s\u00fcreyle sakl\u0131yoruz<\/h2>\n<p>Bir yorum b\u0131rak\u0131rsan\u0131z, yorum ve meta verileri s\u00fcresiz olarak kaydedilir. Bunu, takip eden yorumlar\u0131 inceleme kuyru\u011funa eklemeden belirleyebilmek ve otomatik olarak onaylayabilmek i\u00e7in yap\u0131yoruz.<\/p>\n<p>Bu web sitesinin kay\u0131tl\u0131 kullan\u0131c\u0131lar\u0131 i\u00e7in, kullan\u0131c\u0131 taraf\u0131ndan profilde sa\u011flanan ki\u015fisel bilgileri de kaydedece\u011fiz. T\u00fcm kullan\u0131c\u0131lar ki\u015fisel bilgilerini istedikleri zaman g\u00f6r\u00fcnt\u00fcleyebilir, d\u00fczenleyebilir veya silebilir (kullan\u0131c\u0131 adlar\u0131n\u0131 de\u011fi\u015ftirememeleri d\u0131\u015f\u0131nda) ve site y\u00f6neticileri de bu bilgileri g\u00f6r\u00fcnt\u00fcleyebilir ve d\u00fczenleyebilir.<\/p>\n<h2>Bilgilerinizle ilgili hangi haklara sahipsiniz?<\/h2>\n<p>Bu sitede bir hesab\u0131n\u0131z varsa veya daha \u00f6nce bir yorum b\u0131rakt\u0131ysan\u0131z, bize sa\u011flad\u0131\u011f\u0131n\u0131z t\u00fcm veriler dahil olmak \u00fczere hakk\u0131n\u0131zda sahip oldu\u011fumuz ki\u015fisel verilerin bir d\u0131\u015fa aktar\u0131m dosyas\u0131n\u0131 talep edebilirsiniz. Ayr\u0131ca hakk\u0131n\u0131zdaki t\u00fcm ki\u015fisel verileri silmemizi de isteyebilirsiniz. Bu, idari, d\u00fczenleyici veya g\u00fcvenlik ihtiya\u00e7lar\u0131 nedeniyle saklamam\u0131z gereken verileri i\u00e7ermez.<\/p>\n<h2>Verilerinizin g\u00f6nderilece\u011fi yer<\/h2>\n<p>Konuk yorumlar\u0131, otomatik inceleme spam izleme hizmetleri taraf\u0131ndan kontrol edilebilir.<\/p>\t\t\t\t\t\t\t\t<\/div>\n\t\t\t\t<\/div>\n\t\t\t\t\t<\/div>\n\t\t\t\t<\/div>\n\t\t\t\t<\/div>","protected":false},"excerpt":{"rendered":"<p>\u00a0 \u00a0 Who we are Our website is http:\/\/guassky.com. Comments When a visitor leaves a comment, we collect data from [&hellip;]<\/p>","protected":false},"author":1,"featured_media":0,"parent":0,"menu_order":0,"comment_status":"closed","ping_status":"open","template":"","meta":{"_eb_attr":"","_sitemap_exclude":false,"_sitemap_priority":"","_sitemap_frequency":"","site-sidebar-layout":"default","site-content-layout":"","ast-site-content-layout":"","site-content-style":"default","site-sidebar-style":"default","ast-global-header-display":"","ast-banner-title-visibility":"","ast-main-header-display":"","ast-hfb-above-header-display":"","ast-hfb-below-header-display":"","ast-hfb-mobile-header-display":"","site-post-title":"","ast-breadcrumbs-content":"","ast-featured-img":"","footer-sml-layout":"","theme-transparent-header-meta":"","adv-header-id-meta":"","stick-header-meta":"","header-above-stick-meta":"","header-main-stick-meta":"","header-below-stick-meta":"","astra-migrate-meta-layouts":"default","ast-page-background-enabled":"default","ast-page-background-meta":{"desktop":{"background-color":"var(--ast-global-color-4)","background-image":"","background-repeat":"repeat","background-position":"center center","background-size":"auto","background-attachment":"scroll","background-type":"","background-media":"","overlay-type":"","overlay-color":"","overlay-opacity":"","overlay-gradient":""},"tablet":{"background-color":"","background-image":"","background-repeat":"repeat","background-position":"center center","background-size":"auto","background-attachment":"scroll","background-type":"","background-media":"","overlay-type":"","overlay-color":"","overlay-opacity":"","overlay-gradient":""},"mobile":{"background-color":"","background-image":"","background-repeat":"repeat","background-position":"center center","background-size":"auto","background-attachment":"scroll","background-type":"","background-media":"","overlay-type":"","overlay-color":"","overlay-opacity":"","overlay-gradient":""}},"ast-content-background-meta":{"desktop":{"background-color":"var(--ast-global-color-5)","background-image":"","background-repeat":"repeat","background-position":"center center","background-size":"auto","background-attachment":"scroll","background-type":"","background-media":"","overlay-type":"","overlay-color":"","overlay-opacity":"","overlay-gradient":""},"tablet":{"background-color":"var(--ast-global-color-5)","background-image":"","background-repeat":"repeat","background-position":"center center","background-size":"auto","background-attachment":"scroll","background-type":"","background-media":"","overlay-type":"","overlay-color":"","overlay-opacity":"","overlay-gradient":""},"mobile":{"background-color":"var(--ast-global-color-5)","background-image":"","background-repeat":"repeat","background-position":"center center","background-size":"auto","background-attachment":"scroll","background-type":"","background-media":"","overlay-type":"","overlay-color":"","overlay-opacity":"","overlay-gradient":""}},"footnotes":""},"class_list":["post-3","page","type-page","status-publish","hentry"],"yoast_head":"<!-- This site is optimized with the Yoast SEO Premium plugin v24.1 (Yoast SEO v24.1) - https:\/\/yoast.com\/wordpress\/plugins\/seo\/ -->\n<title>\u9690\u79c1\u653f\u7b56 - Anti drone factory<\/title>\n<meta name=\"robots\" content=\"index, follow, max-snippet:-1, max-image-preview:large, max-video-preview:-1\" \/>\n<link rel=\"canonical\" href=\"https:\/\/gaussky.com\/tr\/gizlilik-politikasi\/\" \/>\n<meta property=\"og:locale\" content=\"tr_TR\" \/>\n<meta property=\"og:type\" content=\"article\" \/>\n<meta property=\"og:title\" content=\"\u9690\u79c1\u653f\u7b56\" \/>\n<meta property=\"og:description\" content=\"\u00a0 \u00a0 Who we are Our website is http:\/\/guassky.com. Comments When a visitor leaves a comment, we collect data from [&hellip;]\" \/>\n<meta property=\"og:url\" content=\"https:\/\/gaussky.com\/tr\/gizlilik-politikasi\/\" \/>\n<meta property=\"og:site_name\" content=\"Anti drone factory\" \/>\n<meta property=\"article:modified_time\" content=\"2024-12-20T03:14:59+00:00\" \/>\n<meta name=\"twitter:card\" content=\"summary_large_image\" \/>\n<meta name=\"twitter:label1\" content=\"Tahmini okuma s\u00fcresi\" \/>\n\t<meta name=\"twitter:data1\" content=\"3 dakika\" \/>\n<script type=\"application\/ld+json\" class=\"yoast-schema-graph\">{\"@context\":\"https:\/\/schema.org\",\"@graph\":[{\"@type\":\"WebPage\",\"@id\":\"https:\/\/gaussky.com\/privacy-policy\/\",\"url\":\"https:\/\/gaussky.com\/privacy-policy\/\",\"name\":\"\u9690\u79c1\u653f\u7b56 - Anti drone factory\",\"isPartOf\":{\"@id\":\"https:\/\/gaussky.com\/#website\"},\"datePublished\":\"2024-07-15T02:27:40+00:00\",\"dateModified\":\"2024-12-20T03:14:59+00:00\",\"breadcrumb\":{\"@id\":\"https:\/\/gaussky.com\/privacy-policy\/#breadcrumb\"},\"inLanguage\":\"tr\",\"potentialAction\":[{\"@type\":\"ReadAction\",\"target\":[\"https:\/\/gaussky.com\/privacy-policy\/\"]}]},{\"@type\":\"BreadcrumbList\",\"@id\":\"https:\/\/gaussky.com\/privacy-policy\/#breadcrumb\",\"itemListElement\":[{\"@type\":\"ListItem\",\"position\":1,\"name\":\"\u9996\u9875\",\"item\":\"https:\/\/gaussky.com\/\"},{\"@type\":\"ListItem\",\"position\":2,\"name\":\"\u9690\u79c1\u653f\u7b56\"}]},{\"@type\":\"WebSite\",\"@id\":\"https:\/\/gaussky.com\/#website\",\"url\":\"https:\/\/gaussky.com\/\",\"name\":\"Anti drone equipment factory\",\"description\":\"Be your sky protector\",\"publisher\":{\"@id\":\"https:\/\/gaussky.com\/#organization\"},\"potentialAction\":[{\"@type\":\"SearchAction\",\"target\":{\"@type\":\"EntryPoint\",\"urlTemplate\":\"https:\/\/gaussky.com\/?s={search_term_string}\"},\"query-input\":{\"@type\":\"PropertyValueSpecification\",\"valueRequired\":true,\"valueName\":\"search_term_string\"}}],\"inLanguage\":\"tr\"},{\"@type\":\"Organization\",\"@id\":\"https:\/\/gaussky.com\/#organization\",\"name\":\"Anti drone equipment factory >Gaussky\",\"url\":\"https:\/\/gaussky.com\/\",\"logo\":{\"@type\":\"ImageObject\",\"inLanguage\":\"tr\",\"@id\":\"https:\/\/gaussky.com\/#\/schema\/logo\/image\/\",\"url\":\"https:\/\/gaussky.com\/wp-content\/uploads\/2024\/12\/cropped-logo300_300.png\",\"contentUrl\":\"https:\/\/gaussky.com\/wp-content\/uploads\/2024\/12\/cropped-logo300_300.png\",\"width\":300,\"height\":212,\"caption\":\"Anti drone equipment factory >Gaussky\"},\"image\":{\"@id\":\"https:\/\/gaussky.com\/#\/schema\/logo\/image\/\"}}]}<\/script>\n<!-- \/ Yoast SEO Premium plugin. -->","yoast_head_json":{"title":"\u9690\u79c1\u653f\u7b56 - Anti drone fabrikas\u0131","robots":{"index":"index","follow":"follow","max-snippet":"max-snippet:-1","max-image-preview":"max-image-preview:large","max-video-preview":"max-video-preview:-1"},"canonical":"https:\/\/gaussky.com\/tr\/gizlilik-politikasi\/","og_locale":"tr_TR","og_type":"article","og_title":"\u9690\u79c1\u653f\u7b56","og_description":"\u00a0 \u00a0 Who we are Our website is http:\/\/guassky.com. Comments When a visitor leaves a comment, we collect data from [&hellip;]","og_url":"https:\/\/gaussky.com\/tr\/gizlilik-politikasi\/","og_site_name":"Anti drone factory","article_modified_time":"2024-12-20T03:14:59+00:00","twitter_card":"summary_large_image","twitter_misc":{"Tahmini okuma s\u00fcresi":"3 dakika"},"schema":{"@context":"https:\/\/schema.org","@graph":[{"@type":"WebPage","@id":"https:\/\/gaussky.com\/privacy-policy\/","url":"https:\/\/gaussky.com\/privacy-policy\/","name":"\u9690\u79c1\u653f\u7b56 - Anti drone fabrikas\u0131","isPartOf":{"@id":"https:\/\/gaussky.com\/#website"},"datePublished":"2024-07-15T02:27:40+00:00","dateModified":"2024-12-20T03:14:59+00:00","breadcrumb":{"@id":"https:\/\/gaussky.com\/privacy-policy\/#breadcrumb"},"inLanguage":"tr","potentialAction":[{"@type":"ReadAction","target":["https:\/\/gaussky.com\/privacy-policy\/"]}]},{"@type":"BreadcrumbList","@id":"https:\/\/gaussky.com\/privacy-policy\/#breadcrumb","itemListElement":[{"@type":"ListItem","position":1,"name":"\u9996\u9875","item":"https:\/\/gaussky.com\/"},{"@type":"ListItem","position":2,"name":"\u9690\u79c1\u653f\u7b56"}]},{"@type":"WebSite","@id":"https:\/\/gaussky.com\/#website","url":"https:\/\/gaussky.com\/","name":"Anti drone ekipman fabrikas\u0131","description":"G\u00f6ky\u00fcz\u00fc koruyucunuz olun","publisher":{"@id":"https:\/\/gaussky.com\/#organization"},"potentialAction":[{"@type":"SearchAction","target":{"@type":"EntryPoint","urlTemplate":"https:\/\/gaussky.com\/?s={search_term_string}"},"query-input":{"@type":"PropertyValueSpecification","valueRequired":true,"valueName":"search_term_string"}}],"inLanguage":"tr"},{"@type":"Organization","@id":"https:\/\/gaussky.com\/#organization","name":"Anti drone ekipman fabrikas\u0131 &gt;Gaussky","url":"https:\/\/gaussky.com\/","logo":{"@type":"ImageObject","inLanguage":"tr","@id":"https:\/\/gaussky.com\/#\/schema\/logo\/image\/","url":"https:\/\/gaussky.com\/wp-content\/uploads\/2024\/12\/cropped-logo300_300.png","contentUrl":"https:\/\/gaussky.com\/wp-content\/uploads\/2024\/12\/cropped-logo300_300.png","width":300,"height":212,"caption":"Anti drone equipment factory >Gaussky"},"image":{"@id":"https:\/\/gaussky.com\/#\/schema\/logo\/image\/"}}]}},"_links":{"self":[{"href":"https:\/\/gaussky.com\/tr\/wp-json\/wp\/v2\/pages\/3","targetHints":{"allow":["GET"]}}],"collection":[{"href":"https:\/\/gaussky.com\/tr\/wp-json\/wp\/v2\/pages"}],"about":[{"href":"https:\/\/gaussky.com\/tr\/wp-json\/wp\/v2\/types\/page"}],"author":[{"embeddable":true,"href":"https:\/\/gaussky.com\/tr\/wp-json\/wp\/v2\/users\/1"}],"replies":[{"embeddable":true,"href":"https:\/\/gaussky.com\/tr\/wp-json\/wp\/v2\/comments?post=3"}],"version-history":[{"count":0,"href":"https:\/\/gaussky.com\/tr\/wp-json\/wp\/v2\/pages\/3\/revisions"}],"wp:attachment":[{"href":"https:\/\/gaussky.com\/tr\/wp-json\/wp\/v2\/media?parent=3"}],"curies":[{"name":"wp","href":"https:\/\/api.w.org\/{rel}","templated":true}]}}