{"id":687,"date":"2024-07-24T14:19:33","date_gmt":"2024-07-24T06:19:33","guid":{"rendered":"https:\/\/gaussky.com\/?post_type=product&#038;p=687"},"modified":"2024-12-20T14:26:39","modified_gmt":"2024-12-20T06:26:39","slug":"attrezzatura-anti-drone-stazionaria-serie-s02","status":"publish","type":"product","link":"https:\/\/gaussky.com\/it\/product\/attrezzatura-anti-drone-stazionaria-serie-s02\/","title":{"rendered":"Apparecchiature anti drone stazionarie della serie S02"},"content":{"rendered":"<p><img fetchpriority=\"high\" decoding=\"async\" class=\"aligncenter size-full wp-image-1805\" src=\"https:\/\/gaussky.com\/wp-content\/uploads\/2024\/07\/detail_img-min-1.jpg\" alt=\"S02 detail_img-min\" width=\"1366\" height=\"2495\" srcset=\"https:\/\/gaussky.com\/wp-content\/uploads\/2024\/07\/detail_img-min-1.jpg 1366w, https:\/\/gaussky.com\/wp-content\/uploads\/2024\/07\/detail_img-min-1-164x300.jpg 164w, https:\/\/gaussky.com\/wp-content\/uploads\/2024\/07\/detail_img-min-1-561x1024.jpg 561w, https:\/\/gaussky.com\/wp-content\/uploads\/2024\/07\/detail_img-min-1-768x1403.jpg 768w, https:\/\/gaussky.com\/wp-content\/uploads\/2024\/07\/detail_img-min-1-841x1536.jpg 841w, https:\/\/gaussky.com\/wp-content\/uploads\/2024\/07\/detail_img-min-1-1121x2048.jpg 1121w, https:\/\/gaussky.com\/wp-content\/uploads\/2024\/07\/detail_img-min-1-600x1096.jpg 600w\" sizes=\"(max-width: 1366px) 100vw, 1366px\" \/><\/p>","protected":false},"excerpt":{"rendered":"<p>Come apparecchiatura di interferenza ad alta potenza, questo prodotto \u00e8 comodo da organizzare, semplice da utilizzare e pu\u00f2 interferire con pi\u00f9 bande di frequenza contemporaneamente. Pu\u00f2 essere installato rapidamente in base alle esigenze. \u00c8 ampiamente utilizzato in ambito governativo, finanziario, carcerario, petrolifero, agricolo, di pubblica sicurezza, militare e in altri luoghi in cui i droni civili sono vietati. Luoghi dove si vola e si fotografa.<\/p>","protected":false},"featured_media":1806,"template":"","meta":{"_eb_attr":"","_sitemap_exclude":false,"_sitemap_priority":"","_sitemap_frequency":"","site-sidebar-layout":"default","site-content-layout":"","ast-site-content-layout":"default","site-content-style":"default","site-sidebar-style":"default","ast-global-header-display":"","ast-banner-title-visibility":"","ast-main-header-display":"","ast-hfb-above-header-display":"","ast-hfb-below-header-display":"","ast-hfb-mobile-header-display":"","site-post-title":"","ast-breadcrumbs-content":"","ast-featured-img":"","footer-sml-layout":"","theme-transparent-header-meta":"default","adv-header-id-meta":"","stick-header-meta":"default","header-above-stick-meta":"","header-main-stick-meta":"","header-below-stick-meta":"","astra-migrate-meta-layouts":"set","ast-page-background-enabled":"default","ast-page-background-meta":{"desktop":{"background-color":"var(--ast-global-color-4)","background-image":"","background-repeat":"repeat","background-position":"center center","background-size":"auto","background-attachment":"scroll","background-type":"","background-media":"","overlay-type":"","overlay-color":"","overlay-opacity":"","overlay-gradient":""},"tablet":{"background-color":"","background-image":"","background-repeat":"repeat","background-position":"center center","background-size":"auto","background-attachment":"scroll","background-type":"","background-media":"","overlay-type":"","overlay-color":"","overlay-opacity":"","overlay-gradient":""},"mobile":{"background-color":"","background-image":"","background-repeat":"repeat","background-position":"center center","background-size":"auto","background-attachment":"scroll","background-type":"","background-media":"","overlay-type":"","overlay-color":"","overlay-opacity":"","overlay-gradient":""}},"ast-content-background-meta":{"desktop":{"background-color":"var(--ast-global-color-5)","background-image":"","background-repeat":"repeat","background-position":"center center","background-size":"auto","background-attachment":"scroll","background-type":"","background-media":"","overlay-type":"","overlay-color":"","overlay-opacity":"","overlay-gradient":""},"tablet":{"background-color":"var(--ast-global-color-5)","background-image":"","background-repeat":"repeat","background-position":"center center","background-size":"auto","background-attachment":"scroll","background-type":"","background-media":"","overlay-type":"","overlay-color":"","overlay-opacity":"","overlay-gradient":""},"mobile":{"background-color":"var(--ast-global-color-5)","background-image":"","background-repeat":"repeat","background-position":"center center","background-size":"auto","background-attachment":"scroll","background-type":"","background-media":"","overlay-type":"","overlay-color":"","overlay-opacity":"","overlay-gradient":""}}},"product_brand":[],"product_cat":[24,27],"product_tag":[],"class_list":{"0":"post-687","1":"product","2":"type-product","3":"status-publish","4":"has-post-thumbnail","6":"product_cat-products","7":"product_cat-jammer","8":"desktop-align-left","9":"tablet-align-left","10":"mobile-align-left","12":"first","13":"instock","14":"taxable","15":"shipping-taxable","16":"product-type-simple"},"yoast_head":"<!-- This site is optimized with the Yoast SEO Premium plugin v24.1 (Yoast SEO v24.1) - https:\/\/yoast.com\/wordpress\/plugins\/seo\/ -->\n<title>S02 Series Stationary Anti Drone Equipment - Anti drone factory<\/title>\n<meta name=\"description\" content=\"This is a counter drone device that is fixed outdoors and works 24 hours a day. 360\u00b0 omnidirectional jamming unauthorized UAV.\" \/>\n<meta name=\"robots\" content=\"index, follow, max-snippet:-1, max-image-preview:large, max-video-preview:-1\" \/>\n<link rel=\"canonical\" href=\"https:\/\/gaussky.com\/it\/product\/attrezzatura-anti-drone-stazionaria-serie-s02\/\" \/>\n<meta property=\"og:locale\" content=\"it_IT\" \/>\n<meta property=\"og:type\" content=\"article\" \/>\n<meta property=\"og:title\" content=\"S02 Series Stationary Anti Drone Equipment\" \/>\n<meta property=\"og:description\" content=\"This is a counter drone device that is fixed outdoors and works 24 hours a day. 360\u00b0 omnidirectional jamming unauthorized UAV.\" \/>\n<meta property=\"og:url\" content=\"https:\/\/gaussky.com\/it\/product\/attrezzatura-anti-drone-stazionaria-serie-s02\/\" \/>\n<meta property=\"og:site_name\" content=\"Anti drone factory\" \/>\n<meta property=\"article:modified_time\" content=\"2024-12-20T06:26:39+00:00\" \/>\n<meta property=\"og:image\" content=\"https:\/\/gaussky.com\/wp-content\/uploads\/2024\/07\/drone-jammer-4.jpg\" \/>\n\t<meta property=\"og:image:width\" content=\"800\" \/>\n\t<meta property=\"og:image:height\" content=\"800\" \/>\n\t<meta property=\"og:image:type\" content=\"image\/jpeg\" \/>\n<meta name=\"twitter:card\" content=\"summary_large_image\" \/>\n<meta name=\"twitter:label1\" content=\"Prezzo\" \/>\n\t<meta name=\"twitter:data1\" content=\"\" \/>\n\t<meta name=\"twitter:label2\" content=\"Disponibilit\u00e0\" \/>\n\t<meta name=\"twitter:data2\" content=\"In stock\" \/>\n<script type=\"application\/ld+json\" class=\"yoast-schema-graph\">{\"@context\":\"https:\/\/schema.org\",\"@graph\":[{\"@type\":\"WebPage\",\"@id\":\"https:\/\/gaussky.com\/product\/s02-series-stationary-anti-drone-equipment\/\",\"url\":\"https:\/\/gaussky.com\/product\/s02-series-stationary-anti-drone-equipment\/\",\"name\":\"S02 Series Stationary Anti Drone Equipment - Anti drone factory\",\"isPartOf\":{\"@id\":\"https:\/\/gaussky.com\/#website\"},\"primaryImageOfPage\":{\"@id\":\"https:\/\/gaussky.com\/product\/s02-series-stationary-anti-drone-equipment\/#primaryimage\"},\"image\":{\"@id\":\"https:\/\/gaussky.com\/product\/s02-series-stationary-anti-drone-equipment\/#primaryimage\"},\"thumbnailUrl\":\"https:\/\/gaussky.com\/wp-content\/uploads\/2024\/07\/drone-jammer-4.jpg\",\"datePublished\":\"2024-07-24T06:19:33+00:00\",\"dateModified\":\"2024-12-20T06:26:39+00:00\",\"description\":\"This is a counter drone device that is fixed outdoors and works 24 hours a day. 360\u00b0 omnidirectional jamming unauthorized UAV.\",\"breadcrumb\":{\"@id\":\"https:\/\/gaussky.com\/product\/s02-series-stationary-anti-drone-equipment\/#breadcrumb\"},\"inLanguage\":\"it-IT\",\"potentialAction\":[{\"@type\":\"ReadAction\",\"target\":[\"https:\/\/gaussky.com\/product\/s02-series-stationary-anti-drone-equipment\/\"]}]},{\"@type\":\"ImageObject\",\"inLanguage\":\"it-IT\",\"@id\":\"https:\/\/gaussky.com\/product\/s02-series-stationary-anti-drone-equipment\/#primaryimage\",\"url\":\"https:\/\/gaussky.com\/wp-content\/uploads\/2024\/07\/drone-jammer-4.jpg\",\"contentUrl\":\"https:\/\/gaussky.com\/wp-content\/uploads\/2024\/07\/drone-jammer-4.jpg\",\"width\":800,\"height\":800},{\"@type\":\"BreadcrumbList\",\"@id\":\"https:\/\/gaussky.com\/product\/s02-series-stationary-anti-drone-equipment\/#breadcrumb\",\"itemListElement\":[{\"@type\":\"ListItem\",\"position\":1,\"name\":\"\u9996\u9875\",\"item\":\"https:\/\/gaussky.com\/\"},{\"@type\":\"ListItem\",\"position\":2,\"name\":\"Gaussky Product\",\"item\":\"https:\/\/gaussky.com\/product\/\"},{\"@type\":\"ListItem\",\"position\":3,\"name\":\"S02 Series Stationary Anti Drone Equipment\"}]},{\"@type\":\"WebSite\",\"@id\":\"https:\/\/gaussky.com\/#website\",\"url\":\"https:\/\/gaussky.com\/\",\"name\":\"Anti drone equipment factory\",\"description\":\"Be your sky protector\",\"publisher\":{\"@id\":\"https:\/\/gaussky.com\/#organization\"},\"potentialAction\":[{\"@type\":\"SearchAction\",\"target\":{\"@type\":\"EntryPoint\",\"urlTemplate\":\"https:\/\/gaussky.com\/?s={search_term_string}\"},\"query-input\":{\"@type\":\"PropertyValueSpecification\",\"valueRequired\":true,\"valueName\":\"search_term_string\"}}],\"inLanguage\":\"it-IT\"},{\"@type\":\"Organization\",\"@id\":\"https:\/\/gaussky.com\/#organization\",\"name\":\"Anti drone equipment factory >Gaussky\",\"url\":\"https:\/\/gaussky.com\/\",\"logo\":{\"@type\":\"ImageObject\",\"inLanguage\":\"it-IT\",\"@id\":\"https:\/\/gaussky.com\/#\/schema\/logo\/image\/\",\"url\":\"https:\/\/gaussky.com\/wp-content\/uploads\/2024\/12\/cropped-logo300_300.png\",\"contentUrl\":\"https:\/\/gaussky.com\/wp-content\/uploads\/2024\/12\/cropped-logo300_300.png\",\"width\":300,\"height\":212,\"caption\":\"Anti drone equipment factory >Gaussky\"},\"image\":{\"@id\":\"https:\/\/gaussky.com\/#\/schema\/logo\/image\/\"}}]}<\/script>\n<meta property=\"product:price:currency\" content=\"USD\" \/>\n<meta property=\"og:availability\" content=\"instock\" \/>\n<meta property=\"product:availability\" content=\"instock\" \/>\n<meta property=\"product:condition\" content=\"new\" \/>\n<!-- \/ Yoast SEO Premium plugin. -->","yoast_head_json":{"title":"Attrezzatura anti drone stazionaria della serie S02 - Fabbrica anti drone","description":"Si tratta di un dispositivo di contrasto ai droni che viene fissato all'aperto e funziona 24 ore su 24. Disturbo omnidirezionale a 360\u00b0 degli UAV non autorizzati.","robots":{"index":"index","follow":"follow","max-snippet":"max-snippet:-1","max-image-preview":"max-image-preview:large","max-video-preview":"max-video-preview:-1"},"canonical":"https:\/\/gaussky.com\/it\/product\/attrezzatura-anti-drone-stazionaria-serie-s02\/","og_locale":"it_IT","og_type":"article","og_title":"S02 Series Stationary Anti Drone Equipment","og_description":"This is a counter drone device that is fixed outdoors and works 24 hours a day. 360\u00b0 omnidirectional jamming unauthorized UAV.","og_url":"https:\/\/gaussky.com\/it\/product\/attrezzatura-anti-drone-stazionaria-serie-s02\/","og_site_name":"Anti drone factory","article_modified_time":"2024-12-20T06:26:39+00:00","og_image":[{"width":800,"height":800,"url":"https:\/\/gaussky.com\/wp-content\/uploads\/2024\/07\/drone-jammer-4.jpg","type":"image\/jpeg"}],"twitter_card":"summary_large_image","twitter_misc":{"Prezzo":"","Disponibilit\u00e0":"In stock"},"schema":{"@context":"https:\/\/schema.org","@graph":[{"@type":"WebPage","@id":"https:\/\/gaussky.com\/product\/s02-series-stationary-anti-drone-equipment\/","url":"https:\/\/gaussky.com\/product\/s02-series-stationary-anti-drone-equipment\/","name":"Attrezzatura anti drone stazionaria della serie S02 - Fabbrica anti drone","isPartOf":{"@id":"https:\/\/gaussky.com\/#website"},"primaryImageOfPage":{"@id":"https:\/\/gaussky.com\/product\/s02-series-stationary-anti-drone-equipment\/#primaryimage"},"image":{"@id":"https:\/\/gaussky.com\/product\/s02-series-stationary-anti-drone-equipment\/#primaryimage"},"thumbnailUrl":"https:\/\/gaussky.com\/wp-content\/uploads\/2024\/07\/drone-jammer-4.jpg","datePublished":"2024-07-24T06:19:33+00:00","dateModified":"2024-12-20T06:26:39+00:00","description":"Si tratta di un dispositivo di contrasto ai droni che viene fissato all'aperto e funziona 24 ore su 24. Disturbo omnidirezionale a 360\u00b0 degli UAV non autorizzati.","breadcrumb":{"@id":"https:\/\/gaussky.com\/product\/s02-series-stationary-anti-drone-equipment\/#breadcrumb"},"inLanguage":"it-IT","potentialAction":[{"@type":"ReadAction","target":["https:\/\/gaussky.com\/product\/s02-series-stationary-anti-drone-equipment\/"]}]},{"@type":"ImageObject","inLanguage":"it-IT","@id":"https:\/\/gaussky.com\/product\/s02-series-stationary-anti-drone-equipment\/#primaryimage","url":"https:\/\/gaussky.com\/wp-content\/uploads\/2024\/07\/drone-jammer-4.jpg","contentUrl":"https:\/\/gaussky.com\/wp-content\/uploads\/2024\/07\/drone-jammer-4.jpg","width":800,"height":800},{"@type":"BreadcrumbList","@id":"https:\/\/gaussky.com\/product\/s02-series-stationary-anti-drone-equipment\/#breadcrumb","itemListElement":[{"@type":"ListItem","position":1,"name":"\u9996\u9875","item":"https:\/\/gaussky.com\/"},{"@type":"ListItem","position":2,"name":"Gaussky Product","item":"https:\/\/gaussky.com\/product\/"},{"@type":"ListItem","position":3,"name":"S02 Series Stationary Anti Drone Equipment"}]},{"@type":"WebSite","@id":"https:\/\/gaussky.com\/#website","url":"https:\/\/gaussky.com\/","name":"Fabbrica di attrezzature anti drone","description":"Sii il tuo protettore del cielo","publisher":{"@id":"https:\/\/gaussky.com\/#organization"},"potentialAction":[{"@type":"SearchAction","target":{"@type":"EntryPoint","urlTemplate":"https:\/\/gaussky.com\/?s={search_term_string}"},"query-input":{"@type":"PropertyValueSpecification","valueRequired":true,"valueName":"search_term_string"}}],"inLanguage":"it-IT"},{"@type":"Organization","@id":"https:\/\/gaussky.com\/#organization","name":"Fabbrica di attrezzature anti drone &gt;Gaussky","url":"https:\/\/gaussky.com\/","logo":{"@type":"ImageObject","inLanguage":"it-IT","@id":"https:\/\/gaussky.com\/#\/schema\/logo\/image\/","url":"https:\/\/gaussky.com\/wp-content\/uploads\/2024\/12\/cropped-logo300_300.png","contentUrl":"https:\/\/gaussky.com\/wp-content\/uploads\/2024\/12\/cropped-logo300_300.png","width":300,"height":212,"caption":"Anti drone equipment factory >Gaussky"},"image":{"@id":"https:\/\/gaussky.com\/#\/schema\/logo\/image\/"}}]},"product_price_currency":"USD","og_availability":"instock","product_availability":"instock","product_condition":"new"},"_links":{"self":[{"href":"https:\/\/gaussky.com\/it\/wp-json\/wp\/v2\/product\/687","targetHints":{"allow":["GET"]}}],"collection":[{"href":"https:\/\/gaussky.com\/it\/wp-json\/wp\/v2\/product"}],"about":[{"href":"https:\/\/gaussky.com\/it\/wp-json\/wp\/v2\/types\/product"}],"version-history":[{"count":0,"href":"https:\/\/gaussky.com\/it\/wp-json\/wp\/v2\/product\/687\/revisions"}],"wp:featuredmedia":[{"embeddable":true,"href":"https:\/\/gaussky.com\/it\/wp-json\/wp\/v2\/media\/1806"}],"wp:attachment":[{"href":"https:\/\/gaussky.com\/it\/wp-json\/wp\/v2\/media?parent=687"}],"wp:term":[{"taxonomy":"product_brand","embeddable":true,"href":"https:\/\/gaussky.com\/it\/wp-json\/wp\/v2\/product_brand?post=687"},{"taxonomy":"product_cat","embeddable":true,"href":"https:\/\/gaussky.com\/it\/wp-json\/wp\/v2\/product_cat?post=687"},{"taxonomy":"product_tag","embeddable":true,"href":"https:\/\/gaussky.com\/it\/wp-json\/wp\/v2\/product_tag?post=687"}],"curies":[{"name":"wp","href":"https:\/\/api.w.org\/{rel}","templated":true}]}}