{"id":656,"date":"2024-07-24T10:08:19","date_gmt":"2024-07-24T02:08:19","guid":{"rendered":"https:\/\/gaussky.com\/?post_type=product&#038;p=656"},"modified":"2025-01-01T00:06:37","modified_gmt":"2024-12-31T16:06:37","slug":"h01-equipement-de-brouillage-uav-portatif","status":"publish","type":"product","link":"https:\/\/gaussky.com\/fr\/produit\/h01-equipement-de-brouillage-uav-portatif\/","title":{"rendered":"H01 \u00c9quipement de brouillage portatif pour drone"},"content":{"rendered":"<p><img fetchpriority=\"high\" decoding=\"async\" class=\"aligncenter size-full wp-image-1796\" src=\"https:\/\/gaussky.com\/wp-content\/uploads\/2024\/07\/\u753b\u677f-1-min.jpg\" alt=\"H01 1-min\" width=\"1024\" height=\"768\" srcset=\"https:\/\/gaussky.com\/wp-content\/uploads\/2024\/07\/\u753b\u677f-1-min.jpg 1024w, https:\/\/gaussky.com\/wp-content\/uploads\/2024\/07\/\u753b\u677f-1-min-300x225.jpg 300w, https:\/\/gaussky.com\/wp-content\/uploads\/2024\/07\/\u753b\u677f-1-min-768x576.jpg 768w, https:\/\/gaussky.com\/wp-content\/uploads\/2024\/07\/\u753b\u677f-1-min-600x450.jpg 600w\" sizes=\"(max-width: 1024px) 100vw, 1024px\" \/> <img decoding=\"async\" class=\"aligncenter size-full wp-image-1798 lazyload\" data-src=\"https:\/\/gaussky.com\/wp-content\/uploads\/2024\/07\/\u753b\u677f-3-min.jpg\" alt=\"H01 IMG3\" width=\"1024\" height=\"768\" data-srcset=\"https:\/\/gaussky.com\/wp-content\/uploads\/2024\/07\/\u753b\u677f-3-min.jpg 1024w, https:\/\/gaussky.com\/wp-content\/uploads\/2024\/07\/\u753b\u677f-3-min-300x225.jpg 300w, https:\/\/gaussky.com\/wp-content\/uploads\/2024\/07\/\u753b\u677f-3-min-768x576.jpg 768w, https:\/\/gaussky.com\/wp-content\/uploads\/2024\/07\/\u753b\u677f-3-min-600x450.jpg 600w\" data-sizes=\"(max-width: 1024px) 100vw, 1024px\" src=\"data:image\/gif;base64,R0lGODlhAQABAAAAACH5BAEKAAEALAAAAAABAAEAAAICTAEAOw==\" style=\"--smush-placeholder-width: 1024px; --smush-placeholder-aspect-ratio: 1024\/768;\" \/><noscript><img decoding=\"async\" class=\"aligncenter size-full wp-image-1798\" src=\"https:\/\/gaussky.com\/wp-content\/uploads\/2024\/07\/\u753b\u677f-3-min.jpg\" alt=\"H01 IMG3\" width=\"1024\" height=\"768\" srcset=\"https:\/\/gaussky.com\/wp-content\/uploads\/2024\/07\/\u753b\u677f-3-min.jpg 1024w, https:\/\/gaussky.com\/wp-content\/uploads\/2024\/07\/\u753b\u677f-3-min-300x225.jpg 300w, https:\/\/gaussky.com\/wp-content\/uploads\/2024\/07\/\u753b\u677f-3-min-768x576.jpg 768w, https:\/\/gaussky.com\/wp-content\/uploads\/2024\/07\/\u753b\u677f-3-min-600x450.jpg 600w\" sizes=\"(max-width: 1024px) 100vw, 1024px\" \/><\/noscript> <img decoding=\"async\" class=\"aligncenter size-full wp-image-1799 lazyload\" data-src=\"https:\/\/gaussky.com\/wp-content\/uploads\/2024\/07\/\u753b\u677f-2-min-1.jpg\" alt=\"H01 IMG2\" width=\"1024\" height=\"768\" data-srcset=\"https:\/\/gaussky.com\/wp-content\/uploads\/2024\/07\/\u753b\u677f-2-min-1.jpg 1024w, https:\/\/gaussky.com\/wp-content\/uploads\/2024\/07\/\u753b\u677f-2-min-1-300x225.jpg 300w, https:\/\/gaussky.com\/wp-content\/uploads\/2024\/07\/\u753b\u677f-2-min-1-768x576.jpg 768w, https:\/\/gaussky.com\/wp-content\/uploads\/2024\/07\/\u753b\u677f-2-min-1-600x450.jpg 600w\" data-sizes=\"(max-width: 1024px) 100vw, 1024px\" src=\"data:image\/gif;base64,R0lGODlhAQABAAAAACH5BAEKAAEALAAAAAABAAEAAAICTAEAOw==\" style=\"--smush-placeholder-width: 1024px; --smush-placeholder-aspect-ratio: 1024\/768;\" \/><noscript><img decoding=\"async\" class=\"aligncenter size-full wp-image-1799\" src=\"https:\/\/gaussky.com\/wp-content\/uploads\/2024\/07\/\u753b\u677f-2-min-1.jpg\" alt=\"H01 IMG2\" width=\"1024\" height=\"768\" srcset=\"https:\/\/gaussky.com\/wp-content\/uploads\/2024\/07\/\u753b\u677f-2-min-1.jpg 1024w, https:\/\/gaussky.com\/wp-content\/uploads\/2024\/07\/\u753b\u677f-2-min-1-300x225.jpg 300w, https:\/\/gaussky.com\/wp-content\/uploads\/2024\/07\/\u753b\u677f-2-min-1-768x576.jpg 768w, https:\/\/gaussky.com\/wp-content\/uploads\/2024\/07\/\u753b\u677f-2-min-1-600x450.jpg 600w\" sizes=\"(max-width: 1024px) 100vw, 1024px\" \/><\/noscript><\/p>","protected":false},"excerpt":{"rendered":"<p>L'appareil peut brouiller et prot\u00e9ger tous les signaux de positionnement par satellite, y compris le GPS\/BeiDou\/GLONASS\/Galileo : GPS\/BeiDou\/GLONASS\/Galileo ; en m\u00eame temps, il peut brouiller et prot\u00e9ger les bandes ISM 2.4G et ISM 5.8G couramment utilis\u00e9es par les drones, for\u00e7ant les drones \u00e0 interrompre leurs signaux RC et de cartographie, et r\u00e9alisant la fonction d'atterrissage forc\u00e9\/de retour au vol\/de vol stationnaire, avec une grande distance de brouillage.<\/p>","protected":false},"featured_media":1800,"template":"","meta":{"_eb_attr":"","_sitemap_exclude":false,"_sitemap_priority":"","_sitemap_frequency":"","site-sidebar-layout":"default","site-content-layout":"","ast-site-content-layout":"default","site-content-style":"default","site-sidebar-style":"default","ast-global-header-display":"","ast-banner-title-visibility":"","ast-main-header-display":"","ast-hfb-above-header-display":"","ast-hfb-below-header-display":"","ast-hfb-mobile-header-display":"","site-post-title":"","ast-breadcrumbs-content":"","ast-featured-img":"","footer-sml-layout":"","theme-transparent-header-meta":"default","adv-header-id-meta":"","stick-header-meta":"default","header-above-stick-meta":"","header-main-stick-meta":"","header-below-stick-meta":"","astra-migrate-meta-layouts":"set","ast-page-background-enabled":"default","ast-page-background-meta":{"desktop":{"background-color":"var(--ast-global-color-4)","background-image":"","background-repeat":"repeat","background-position":"center center","background-size":"auto","background-attachment":"scroll","background-type":"","background-media":"","overlay-type":"","overlay-color":"","overlay-opacity":"","overlay-gradient":""},"tablet":{"background-color":"","background-image":"","background-repeat":"repeat","background-position":"center center","background-size":"auto","background-attachment":"scroll","background-type":"","background-media":"","overlay-type":"","overlay-color":"","overlay-opacity":"","overlay-gradient":""},"mobile":{"background-color":"","background-image":"","background-repeat":"repeat","background-position":"center center","background-size":"auto","background-attachment":"scroll","background-type":"","background-media":"","overlay-type":"","overlay-color":"","overlay-opacity":"","overlay-gradient":""}},"ast-content-background-meta":{"desktop":{"background-color":"var(--ast-global-color-5)","background-image":"","background-repeat":"repeat","background-position":"center center","background-size":"auto","background-attachment":"scroll","background-type":"","background-media":"","overlay-type":"","overlay-color":"","overlay-opacity":"","overlay-gradient":""},"tablet":{"background-color":"var(--ast-global-color-5)","background-image":"","background-repeat":"repeat","background-position":"center center","background-size":"auto","background-attachment":"scroll","background-type":"","background-media":"","overlay-type":"","overlay-color":"","overlay-opacity":"","overlay-gradient":""},"mobile":{"background-color":"var(--ast-global-color-5)","background-image":"","background-repeat":"repeat","background-position":"center center","background-size":"auto","background-attachment":"scroll","background-type":"","background-media":"","overlay-type":"","overlay-color":"","overlay-opacity":"","overlay-gradient":""}}},"product_brand":[],"product_cat":[24,27],"product_tag":[],"class_list":{"0":"post-656","1":"product","2":"type-product","3":"status-publish","4":"has-post-thumbnail","6":"product_cat-products","7":"product_cat-jammer","8":"desktop-align-left","9":"tablet-align-left","10":"mobile-align-left","12":"first","13":"instock","14":"purchasable","15":"product-type-simple"},"yoast_head":"<!-- This site is optimized with the Yoast SEO Premium plugin v24.1 (Yoast SEO v24.1) - https:\/\/yoast.com\/wordpress\/plugins\/seo\/ -->\n<title>H01 Handheld UAV Jamming Equipment - Anti drone factory<\/title>\n<meta name=\"description\" content=\"This is a handheld drone jamming device. By transmitting the suppression signal, the target UAV is suppressed to make the UAV lose control.\" \/>\n<meta name=\"robots\" content=\"index, follow, max-snippet:-1, max-image-preview:large, max-video-preview:-1\" \/>\n<link rel=\"canonical\" href=\"https:\/\/gaussky.com\/fr\/produit\/h01-equipement-de-brouillage-uav-portatif\/\" \/>\n<meta property=\"og:locale\" content=\"fr_FR\" \/>\n<meta property=\"og:type\" content=\"article\" \/>\n<meta property=\"og:title\" content=\"H01 Handheld UAV Jamming Equipment\" \/>\n<meta property=\"og:description\" content=\"This is a handheld drone jamming device. By transmitting the suppression signal, the target UAV is suppressed to make the UAV lose control.\" \/>\n<meta property=\"og:url\" content=\"https:\/\/gaussky.com\/fr\/produit\/h01-equipement-de-brouillage-uav-portatif\/\" \/>\n<meta property=\"og:site_name\" content=\"Anti drone factory\" \/>\n<meta property=\"article:modified_time\" content=\"2024-12-31T16:06:37+00:00\" \/>\n<meta property=\"og:image\" content=\"https:\/\/gaussky.com\/wp-content\/uploads\/2024\/07\/H01-B\u767d\u5e95\u56fe4-min.png\" \/>\n\t<meta property=\"og:image:width\" content=\"800\" \/>\n\t<meta property=\"og:image:height\" content=\"800\" \/>\n\t<meta property=\"og:image:type\" content=\"image\/png\" \/>\n<meta name=\"twitter:card\" content=\"summary_large_image\" \/>\n<meta name=\"twitter:label1\" content=\"Prix\" \/>\n\t<meta name=\"twitter:data1\" content=\"&#036;800.00\" \/>\n\t<meta name=\"twitter:label2\" content=\"Disponibilit\u00e9\" \/>\n\t<meta name=\"twitter:data2\" content=\"En stock\" \/>\n<script type=\"application\/ld+json\" class=\"yoast-schema-graph\">{\"@context\":\"https:\/\/schema.org\",\"@graph\":[{\"@type\":\"WebPage\",\"@id\":\"https:\/\/gaussky.com\/product\/h01-handheld-uav-jamming-equipment\/\",\"url\":\"https:\/\/gaussky.com\/product\/h01-handheld-uav-jamming-equipment\/\",\"name\":\"H01 Handheld UAV Jamming Equipment - Anti drone factory\",\"isPartOf\":{\"@id\":\"https:\/\/gaussky.com\/#website\"},\"primaryImageOfPage\":{\"@id\":\"https:\/\/gaussky.com\/product\/h01-handheld-uav-jamming-equipment\/#primaryimage\"},\"image\":{\"@id\":\"https:\/\/gaussky.com\/product\/h01-handheld-uav-jamming-equipment\/#primaryimage\"},\"thumbnailUrl\":\"https:\/\/gaussky.com\/wp-content\/uploads\/2024\/07\/H01-B\u767d\u5e95\u56fe4-min.png\",\"datePublished\":\"2024-07-24T02:08:19+00:00\",\"dateModified\":\"2024-12-31T16:06:37+00:00\",\"description\":\"This is a handheld drone jamming device. By transmitting the suppression signal, the target UAV is suppressed to make the UAV lose control.\",\"breadcrumb\":{\"@id\":\"https:\/\/gaussky.com\/product\/h01-handheld-uav-jamming-equipment\/#breadcrumb\"},\"inLanguage\":\"fr-FR\",\"potentialAction\":[{\"@type\":\"ReadAction\",\"target\":[\"https:\/\/gaussky.com\/product\/h01-handheld-uav-jamming-equipment\/\"]}]},{\"@type\":\"ImageObject\",\"inLanguage\":\"fr-FR\",\"@id\":\"https:\/\/gaussky.com\/product\/h01-handheld-uav-jamming-equipment\/#primaryimage\",\"url\":\"https:\/\/gaussky.com\/wp-content\/uploads\/2024\/07\/H01-B\u767d\u5e95\u56fe4-min.png\",\"contentUrl\":\"https:\/\/gaussky.com\/wp-content\/uploads\/2024\/07\/H01-B\u767d\u5e95\u56fe4-min.png\",\"width\":800,\"height\":800,\"caption\":\"H01 IMG\"},{\"@type\":\"BreadcrumbList\",\"@id\":\"https:\/\/gaussky.com\/product\/h01-handheld-uav-jamming-equipment\/#breadcrumb\",\"itemListElement\":[{\"@type\":\"ListItem\",\"position\":1,\"name\":\"\u9996\u9875\",\"item\":\"https:\/\/gaussky.com\/\"},{\"@type\":\"ListItem\",\"position\":2,\"name\":\"Gaussky Product\",\"item\":\"https:\/\/gaussky.com\/product\/\"},{\"@type\":\"ListItem\",\"position\":3,\"name\":\"H01 Handheld UAV Jamming Equipment\"}]},{\"@type\":\"WebSite\",\"@id\":\"https:\/\/gaussky.com\/#website\",\"url\":\"https:\/\/gaussky.com\/\",\"name\":\"Anti drone equipment factory\",\"description\":\"Be your sky protector\",\"publisher\":{\"@id\":\"https:\/\/gaussky.com\/#organization\"},\"potentialAction\":[{\"@type\":\"SearchAction\",\"target\":{\"@type\":\"EntryPoint\",\"urlTemplate\":\"https:\/\/gaussky.com\/?s={search_term_string}\"},\"query-input\":{\"@type\":\"PropertyValueSpecification\",\"valueRequired\":true,\"valueName\":\"search_term_string\"}}],\"inLanguage\":\"fr-FR\"},{\"@type\":\"Organization\",\"@id\":\"https:\/\/gaussky.com\/#organization\",\"name\":\"Anti drone equipment factory >Gaussky\",\"url\":\"https:\/\/gaussky.com\/\",\"logo\":{\"@type\":\"ImageObject\",\"inLanguage\":\"fr-FR\",\"@id\":\"https:\/\/gaussky.com\/#\/schema\/logo\/image\/\",\"url\":\"https:\/\/gaussky.com\/wp-content\/uploads\/2024\/12\/cropped-logo300_300.png\",\"contentUrl\":\"https:\/\/gaussky.com\/wp-content\/uploads\/2024\/12\/cropped-logo300_300.png\",\"width\":300,\"height\":212,\"caption\":\"Anti drone equipment factory >Gaussky\"},\"image\":{\"@id\":\"https:\/\/gaussky.com\/#\/schema\/logo\/image\/\"}}]}<\/script>\n<meta property=\"product:price:amount\" content=\"800.00\" \/>\n<meta property=\"product:price:currency\" content=\"USD\" \/>\n<meta property=\"og:availability\" content=\"instock\" \/>\n<meta property=\"product:availability\" content=\"instock\" \/>\n<meta property=\"product:condition\" content=\"new\" \/>\n<!-- \/ Yoast SEO Premium plugin. -->","yoast_head_json":{"title":"H01 \u00c9quipement de brouillage de drone portatif - Anti drone factory","description":"Il s'agit d'un dispositif portable de brouillage de drone. En transmettant le signal de suppression, le drone cible est supprim\u00e9 pour lui faire perdre le contr\u00f4le.","robots":{"index":"index","follow":"follow","max-snippet":"max-snippet:-1","max-image-preview":"max-image-preview:large","max-video-preview":"max-video-preview:-1"},"canonical":"https:\/\/gaussky.com\/fr\/produit\/h01-equipement-de-brouillage-uav-portatif\/","og_locale":"fr_FR","og_type":"article","og_title":"H01 Handheld UAV Jamming Equipment","og_description":"This is a handheld drone jamming device. By transmitting the suppression signal, the target UAV is suppressed to make the UAV lose control.","og_url":"https:\/\/gaussky.com\/fr\/produit\/h01-equipement-de-brouillage-uav-portatif\/","og_site_name":"Anti drone factory","article_modified_time":"2024-12-31T16:06:37+00:00","og_image":[{"width":800,"height":800,"url":"https:\/\/gaussky.com\/wp-content\/uploads\/2024\/07\/H01-B\u767d\u5e95\u56fe4-min.png","type":"image\/png"}],"twitter_card":"summary_large_image","twitter_misc":{"Prix":"&#36;800.00","Disponibilit\u00e9":"En stock"},"schema":{"@context":"https:\/\/schema.org","@graph":[{"@type":"WebPage","@id":"https:\/\/gaussky.com\/product\/h01-handheld-uav-jamming-equipment\/","url":"https:\/\/gaussky.com\/product\/h01-handheld-uav-jamming-equipment\/","name":"H01 \u00c9quipement de brouillage de drone portatif - Anti drone factory","isPartOf":{"@id":"https:\/\/gaussky.com\/#website"},"primaryImageOfPage":{"@id":"https:\/\/gaussky.com\/product\/h01-handheld-uav-jamming-equipment\/#primaryimage"},"image":{"@id":"https:\/\/gaussky.com\/product\/h01-handheld-uav-jamming-equipment\/#primaryimage"},"thumbnailUrl":"https:\/\/gaussky.com\/wp-content\/uploads\/2024\/07\/H01-B\u767d\u5e95\u56fe4-min.png","datePublished":"2024-07-24T02:08:19+00:00","dateModified":"2024-12-31T16:06:37+00:00","description":"Il s'agit d'un dispositif portable de brouillage de drone. En transmettant le signal de suppression, le drone cible est supprim\u00e9 pour lui faire perdre le contr\u00f4le.","breadcrumb":{"@id":"https:\/\/gaussky.com\/product\/h01-handheld-uav-jamming-equipment\/#breadcrumb"},"inLanguage":"fr-FR","potentialAction":[{"@type":"ReadAction","target":["https:\/\/gaussky.com\/product\/h01-handheld-uav-jamming-equipment\/"]}]},{"@type":"ImageObject","inLanguage":"fr-FR","@id":"https:\/\/gaussky.com\/product\/h01-handheld-uav-jamming-equipment\/#primaryimage","url":"https:\/\/gaussky.com\/wp-content\/uploads\/2024\/07\/H01-B\u767d\u5e95\u56fe4-min.png","contentUrl":"https:\/\/gaussky.com\/wp-content\/uploads\/2024\/07\/H01-B\u767d\u5e95\u56fe4-min.png","width":800,"height":800,"caption":"H01 IMG"},{"@type":"BreadcrumbList","@id":"https:\/\/gaussky.com\/product\/h01-handheld-uav-jamming-equipment\/#breadcrumb","itemListElement":[{"@type":"ListItem","position":1,"name":"\u9996\u9875","item":"https:\/\/gaussky.com\/"},{"@type":"ListItem","position":2,"name":"Gaussky Product","item":"https:\/\/gaussky.com\/product\/"},{"@type":"ListItem","position":3,"name":"H01 Handheld UAV Jamming Equipment"}]},{"@type":"WebSite","@id":"https:\/\/gaussky.com\/#website","url":"https:\/\/gaussky.com\/","name":"Usine d'\u00e9quipements anti-drones","description":"Soyez le protecteur de votre ciel","publisher":{"@id":"https:\/\/gaussky.com\/#organization"},"potentialAction":[{"@type":"SearchAction","target":{"@type":"EntryPoint","urlTemplate":"https:\/\/gaussky.com\/?s={search_term_string}"},"query-input":{"@type":"PropertyValueSpecification","valueRequired":true,"valueName":"search_term_string"}}],"inLanguage":"fr-FR"},{"@type":"Organization","@id":"https:\/\/gaussky.com\/#organization","name":"Usine d'\u00e9quipements anti-drones &gt;Gaussky","url":"https:\/\/gaussky.com\/","logo":{"@type":"ImageObject","inLanguage":"fr-FR","@id":"https:\/\/gaussky.com\/#\/schema\/logo\/image\/","url":"https:\/\/gaussky.com\/wp-content\/uploads\/2024\/12\/cropped-logo300_300.png","contentUrl":"https:\/\/gaussky.com\/wp-content\/uploads\/2024\/12\/cropped-logo300_300.png","width":300,"height":212,"caption":"Anti drone equipment factory >Gaussky"},"image":{"@id":"https:\/\/gaussky.com\/#\/schema\/logo\/image\/"}}]},"product_price_amount":"800.00","product_price_currency":"USD","og_availability":"instock","product_availability":"instock","product_condition":"new"},"_links":{"self":[{"href":"https:\/\/gaussky.com\/fr\/wp-json\/wp\/v2\/product\/656","targetHints":{"allow":["GET"]}}],"collection":[{"href":"https:\/\/gaussky.com\/fr\/wp-json\/wp\/v2\/product"}],"about":[{"href":"https:\/\/gaussky.com\/fr\/wp-json\/wp\/v2\/types\/product"}],"version-history":[{"count":0,"href":"https:\/\/gaussky.com\/fr\/wp-json\/wp\/v2\/product\/656\/revisions"}],"wp:featuredmedia":[{"embeddable":true,"href":"https:\/\/gaussky.com\/fr\/wp-json\/wp\/v2\/media\/1800"}],"wp:attachment":[{"href":"https:\/\/gaussky.com\/fr\/wp-json\/wp\/v2\/media?parent=656"}],"wp:term":[{"taxonomy":"product_brand","embeddable":true,"href":"https:\/\/gaussky.com\/fr\/wp-json\/wp\/v2\/product_brand?post=656"},{"taxonomy":"product_cat","embeddable":true,"href":"https:\/\/gaussky.com\/fr\/wp-json\/wp\/v2\/product_cat?post=656"},{"taxonomy":"product_tag","embeddable":true,"href":"https:\/\/gaussky.com\/fr\/wp-json\/wp\/v2\/product_tag?post=656"}],"curies":[{"name":"wp","href":"https:\/\/api.w.org\/{rel}","templated":true}]}}