{"id":2673,"date":"2024-12-31T19:10:15","date_gmt":"2024-12-31T11:10:15","guid":{"rendered":"https:\/\/gaussky.com\/?post_type=product&#038;p=2673"},"modified":"2024-12-31T19:18:32","modified_gmt":"2024-12-31T11:18:32","slug":"h2l-done-detector","status":"publish","type":"product","link":"https:\/\/gaussky.com\/fr\/produit\/h2l-done-detector\/","title":{"rendered":"D\u00e9tecteur H2L Done"},"content":{"rendered":"<p><img fetchpriority=\"high\" decoding=\"async\" class=\"aligncenter size-full wp-image-2674\" src=\"https:\/\/gaussky.com\/wp-content\/uploads\/2024\/12\/h2l-drone-detector-min.jpg\" alt=\"\" width=\"1366\" height=\"2495\" srcset=\"https:\/\/gaussky.com\/wp-content\/uploads\/2024\/12\/h2l-drone-detector-min.jpg 1366w, https:\/\/gaussky.com\/wp-content\/uploads\/2024\/12\/h2l-drone-detector-min-164x300.jpg 164w, https:\/\/gaussky.com\/wp-content\/uploads\/2024\/12\/h2l-drone-detector-min-561x1024.jpg 561w, https:\/\/gaussky.com\/wp-content\/uploads\/2024\/12\/h2l-drone-detector-min-768x1403.jpg 768w, https:\/\/gaussky.com\/wp-content\/uploads\/2024\/12\/h2l-drone-detector-min-841x1536.jpg 841w, https:\/\/gaussky.com\/wp-content\/uploads\/2024\/12\/h2l-drone-detector-min-1121x2048.jpg 1121w, https:\/\/gaussky.com\/wp-content\/uploads\/2024\/12\/h2l-drone-detector-min-7x12.jpg 7w, https:\/\/gaussky.com\/wp-content\/uploads\/2024\/12\/h2l-drone-detector-min-600x1096.jpg 600w\" sizes=\"(max-width: 1366px) 100vw, 1366px\" \/><\/p>","protected":false},"excerpt":{"rendered":"<p>La nouvelle g\u00e9n\u00e9ration de d\u00e9tecteurs de drones portables peut afficher des informations sur le positionnement du drone et suivre la trajectoire de vol du drone.<\/p>","protected":false},"featured_media":2302,"template":"","meta":{"_eb_attr":"","_sitemap_exclude":false,"_sitemap_priority":"","_sitemap_frequency":"","site-sidebar-layout":"default","site-content-layout":"","ast-site-content-layout":"default","site-content-style":"default","site-sidebar-style":"default","ast-global-header-display":"","ast-banner-title-visibility":"","ast-main-header-display":"","ast-hfb-above-header-display":"","ast-hfb-below-header-display":"","ast-hfb-mobile-header-display":"","site-post-title":"","ast-breadcrumbs-content":"","ast-featured-img":"","footer-sml-layout":"","theme-transparent-header-meta":"default","adv-header-id-meta":"","stick-header-meta":"","header-above-stick-meta":"","header-main-stick-meta":"","header-below-stick-meta":"","astra-migrate-meta-layouts":"set","ast-page-background-enabled":"default","ast-page-background-meta":{"desktop":{"background-color":"var(--ast-global-color-4)","background-image":"","background-repeat":"repeat","background-position":"center center","background-size":"auto","background-attachment":"scroll","background-type":"","background-media":"","overlay-type":"","overlay-color":"","overlay-opacity":"","overlay-gradient":""},"tablet":{"background-color":"","background-image":"","background-repeat":"repeat","background-position":"center center","background-size":"auto","background-attachment":"scroll","background-type":"","background-media":"","overlay-type":"","overlay-color":"","overlay-opacity":"","overlay-gradient":""},"mobile":{"background-color":"","background-image":"","background-repeat":"repeat","background-position":"center center","background-size":"auto","background-attachment":"scroll","background-type":"","background-media":"","overlay-type":"","overlay-color":"","overlay-opacity":"","overlay-gradient":""}},"ast-content-background-meta":{"desktop":{"background-color":"var(--ast-global-color-5)","background-image":"","background-repeat":"repeat","background-position":"center center","background-size":"auto","background-attachment":"scroll","background-type":"","background-media":"","overlay-type":"","overlay-color":"","overlay-opacity":"","overlay-gradient":""},"tablet":{"background-color":"var(--ast-global-color-5)","background-image":"","background-repeat":"repeat","background-position":"center center","background-size":"auto","background-attachment":"scroll","background-type":"","background-media":"","overlay-type":"","overlay-color":"","overlay-opacity":"","overlay-gradient":""},"mobile":{"background-color":"var(--ast-global-color-5)","background-image":"","background-repeat":"repeat","background-position":"center center","background-size":"auto","background-attachment":"scroll","background-type":"","background-media":"","overlay-type":"","overlay-color":"","overlay-opacity":"","overlay-gradient":""}}},"product_brand":[],"product_cat":[24,28],"product_tag":[],"class_list":{"0":"post-2673","1":"product","2":"type-product","3":"status-publish","4":"has-post-thumbnail","6":"product_cat-products","7":"product_cat-drone-detection","8":"desktop-align-left","9":"tablet-align-left","10":"mobile-align-left","12":"first","13":"instock","14":"sale","15":"taxable","16":"shipping-taxable","17":"purchasable","18":"product-type-simple"},"yoast_head":"<!-- This site is optimized with the Yoast SEO Premium plugin v24.1 (Yoast SEO v24.1) - https:\/\/yoast.com\/wordpress\/plugins\/seo\/ -->\n<title>H2L Done Detector - Anti drone factory<\/title>\n<meta name=\"description\" content=\"The new generation of handheld UAV detector can display drone positioning information and track the UAV flight trajectory.\" \/>\n<meta name=\"robots\" content=\"index, follow, max-snippet:-1, max-image-preview:large, max-video-preview:-1\" \/>\n<link rel=\"canonical\" href=\"https:\/\/gaussky.com\/fr\/produit\/h2l-done-detector\/\" \/>\n<meta property=\"og:locale\" content=\"fr_FR\" \/>\n<meta property=\"og:type\" content=\"article\" \/>\n<meta property=\"og:title\" content=\"H2L Done Detector\" \/>\n<meta property=\"og:description\" content=\"The new generation of handheld UAV detector can display drone positioning information and track the UAV flight trajectory.\" \/>\n<meta property=\"og:url\" content=\"https:\/\/gaussky.com\/fr\/produit\/h2l-done-detector\/\" \/>\n<meta property=\"og:site_name\" content=\"Anti drone factory\" \/>\n<meta property=\"article:modified_time\" content=\"2024-12-31T11:18:32+00:00\" \/>\n<meta property=\"og:image\" content=\"https:\/\/gaussky.com\/wp-content\/uploads\/2024\/12\/800-5-min.png\" \/>\n\t<meta property=\"og:image:width\" content=\"800\" \/>\n\t<meta property=\"og:image:height\" content=\"800\" \/>\n\t<meta property=\"og:image:type\" content=\"image\/png\" \/>\n<meta name=\"twitter:card\" content=\"summary_large_image\" \/>\n<meta name=\"twitter:label1\" content=\"Prix\" \/>\n\t<meta name=\"twitter:data1\" content=\"&#036;4,100.00\" \/>\n\t<meta name=\"twitter:label2\" content=\"Disponibilit\u00e9\" \/>\n\t<meta name=\"twitter:data2\" content=\"En stock\" \/>\n<script type=\"application\/ld+json\" class=\"yoast-schema-graph\">{\"@context\":\"https:\/\/schema.org\",\"@graph\":[{\"@type\":\"WebPage\",\"@id\":\"https:\/\/gaussky.com\/product\/h2l-done-detector\/\",\"url\":\"https:\/\/gaussky.com\/product\/h2l-done-detector\/\",\"name\":\"H2L Done Detector - Anti drone factory\",\"isPartOf\":{\"@id\":\"https:\/\/gaussky.com\/#website\"},\"primaryImageOfPage\":{\"@id\":\"https:\/\/gaussky.com\/product\/h2l-done-detector\/#primaryimage\"},\"image\":{\"@id\":\"https:\/\/gaussky.com\/product\/h2l-done-detector\/#primaryimage\"},\"thumbnailUrl\":\"https:\/\/gaussky.com\/wp-content\/uploads\/2024\/12\/800-5-min.png\",\"datePublished\":\"2024-12-31T11:10:15+00:00\",\"dateModified\":\"2024-12-31T11:18:32+00:00\",\"description\":\"The new generation of handheld UAV detector can display drone positioning information and track the UAV flight trajectory.\",\"breadcrumb\":{\"@id\":\"https:\/\/gaussky.com\/product\/h2l-done-detector\/#breadcrumb\"},\"inLanguage\":\"fr-FR\",\"potentialAction\":[{\"@type\":\"ReadAction\",\"target\":[\"https:\/\/gaussky.com\/product\/h2l-done-detector\/\"]}]},{\"@type\":\"ImageObject\",\"inLanguage\":\"fr-FR\",\"@id\":\"https:\/\/gaussky.com\/product\/h2l-done-detector\/#primaryimage\",\"url\":\"https:\/\/gaussky.com\/wp-content\/uploads\/2024\/12\/800-5-min.png\",\"contentUrl\":\"https:\/\/gaussky.com\/wp-content\/uploads\/2024\/12\/800-5-min.png\",\"width\":800,\"height\":800},{\"@type\":\"BreadcrumbList\",\"@id\":\"https:\/\/gaussky.com\/product\/h2l-done-detector\/#breadcrumb\",\"itemListElement\":[{\"@type\":\"ListItem\",\"position\":1,\"name\":\"\u9996\u9875\",\"item\":\"https:\/\/gaussky.com\/\"},{\"@type\":\"ListItem\",\"position\":2,\"name\":\"Gaussky Product\",\"item\":\"https:\/\/gaussky.com\/product\/\"},{\"@type\":\"ListItem\",\"position\":3,\"name\":\"H2L Done Detector\"}]},{\"@type\":\"WebSite\",\"@id\":\"https:\/\/gaussky.com\/#website\",\"url\":\"https:\/\/gaussky.com\/\",\"name\":\"Anti drone equipment factory\",\"description\":\"Be your sky protector\",\"publisher\":{\"@id\":\"https:\/\/gaussky.com\/#organization\"},\"potentialAction\":[{\"@type\":\"SearchAction\",\"target\":{\"@type\":\"EntryPoint\",\"urlTemplate\":\"https:\/\/gaussky.com\/?s={search_term_string}\"},\"query-input\":{\"@type\":\"PropertyValueSpecification\",\"valueRequired\":true,\"valueName\":\"search_term_string\"}}],\"inLanguage\":\"fr-FR\"},{\"@type\":\"Organization\",\"@id\":\"https:\/\/gaussky.com\/#organization\",\"name\":\"Anti drone equipment factory >Gaussky\",\"url\":\"https:\/\/gaussky.com\/\",\"logo\":{\"@type\":\"ImageObject\",\"inLanguage\":\"fr-FR\",\"@id\":\"https:\/\/gaussky.com\/#\/schema\/logo\/image\/\",\"url\":\"https:\/\/gaussky.com\/wp-content\/uploads\/2024\/12\/cropped-logo300_300.png\",\"contentUrl\":\"https:\/\/gaussky.com\/wp-content\/uploads\/2024\/12\/cropped-logo300_300.png\",\"width\":300,\"height\":212,\"caption\":\"Anti drone equipment factory >Gaussky\"},\"image\":{\"@id\":\"https:\/\/gaussky.com\/#\/schema\/logo\/image\/\"}}]}<\/script>\n<meta property=\"product:price:amount\" content=\"4100.00\" \/>\n<meta property=\"product:price:currency\" content=\"USD\" \/>\n<meta property=\"og:availability\" content=\"instock\" \/>\n<meta property=\"product:availability\" content=\"instock\" \/>\n<meta property=\"product:condition\" content=\"new\" \/>\n<!-- \/ Yoast SEO Premium plugin. -->","yoast_head_json":{"title":"H2L Done Detector - Fabrique d'anti-drones","description":"La nouvelle g\u00e9n\u00e9ration de d\u00e9tecteurs de drones portables peut afficher des informations sur le positionnement du drone et suivre la trajectoire de vol du drone.","robots":{"index":"index","follow":"follow","max-snippet":"max-snippet:-1","max-image-preview":"max-image-preview:large","max-video-preview":"max-video-preview:-1"},"canonical":"https:\/\/gaussky.com\/fr\/produit\/h2l-done-detector\/","og_locale":"fr_FR","og_type":"article","og_title":"H2L Done Detector","og_description":"The new generation of handheld UAV detector can display drone positioning information and track the UAV flight trajectory.","og_url":"https:\/\/gaussky.com\/fr\/produit\/h2l-done-detector\/","og_site_name":"Anti drone factory","article_modified_time":"2024-12-31T11:18:32+00:00","og_image":[{"width":800,"height":800,"url":"https:\/\/gaussky.com\/wp-content\/uploads\/2024\/12\/800-5-min.png","type":"image\/png"}],"twitter_card":"summary_large_image","twitter_misc":{"Prix":"&#36;4,100.00","Disponibilit\u00e9":"En stock"},"schema":{"@context":"https:\/\/schema.org","@graph":[{"@type":"WebPage","@id":"https:\/\/gaussky.com\/product\/h2l-done-detector\/","url":"https:\/\/gaussky.com\/product\/h2l-done-detector\/","name":"H2L Done Detector - Fabrique d'anti-drones","isPartOf":{"@id":"https:\/\/gaussky.com\/#website"},"primaryImageOfPage":{"@id":"https:\/\/gaussky.com\/product\/h2l-done-detector\/#primaryimage"},"image":{"@id":"https:\/\/gaussky.com\/product\/h2l-done-detector\/#primaryimage"},"thumbnailUrl":"https:\/\/gaussky.com\/wp-content\/uploads\/2024\/12\/800-5-min.png","datePublished":"2024-12-31T11:10:15+00:00","dateModified":"2024-12-31T11:18:32+00:00","description":"La nouvelle g\u00e9n\u00e9ration de d\u00e9tecteurs de drones portables peut afficher des informations sur le positionnement du drone et suivre la trajectoire de vol du drone.","breadcrumb":{"@id":"https:\/\/gaussky.com\/product\/h2l-done-detector\/#breadcrumb"},"inLanguage":"fr-FR","potentialAction":[{"@type":"ReadAction","target":["https:\/\/gaussky.com\/product\/h2l-done-detector\/"]}]},{"@type":"ImageObject","inLanguage":"fr-FR","@id":"https:\/\/gaussky.com\/product\/h2l-done-detector\/#primaryimage","url":"https:\/\/gaussky.com\/wp-content\/uploads\/2024\/12\/800-5-min.png","contentUrl":"https:\/\/gaussky.com\/wp-content\/uploads\/2024\/12\/800-5-min.png","width":800,"height":800},{"@type":"BreadcrumbList","@id":"https:\/\/gaussky.com\/product\/h2l-done-detector\/#breadcrumb","itemListElement":[{"@type":"ListItem","position":1,"name":"\u9996\u9875","item":"https:\/\/gaussky.com\/"},{"@type":"ListItem","position":2,"name":"Gaussky Product","item":"https:\/\/gaussky.com\/product\/"},{"@type":"ListItem","position":3,"name":"H2L Done Detector"}]},{"@type":"WebSite","@id":"https:\/\/gaussky.com\/#website","url":"https:\/\/gaussky.com\/","name":"Usine d'\u00e9quipements anti-drones","description":"Soyez le protecteur de votre ciel","publisher":{"@id":"https:\/\/gaussky.com\/#organization"},"potentialAction":[{"@type":"SearchAction","target":{"@type":"EntryPoint","urlTemplate":"https:\/\/gaussky.com\/?s={search_term_string}"},"query-input":{"@type":"PropertyValueSpecification","valueRequired":true,"valueName":"search_term_string"}}],"inLanguage":"fr-FR"},{"@type":"Organization","@id":"https:\/\/gaussky.com\/#organization","name":"Usine d'\u00e9quipements anti-drones &gt;Gaussky","url":"https:\/\/gaussky.com\/","logo":{"@type":"ImageObject","inLanguage":"fr-FR","@id":"https:\/\/gaussky.com\/#\/schema\/logo\/image\/","url":"https:\/\/gaussky.com\/wp-content\/uploads\/2024\/12\/cropped-logo300_300.png","contentUrl":"https:\/\/gaussky.com\/wp-content\/uploads\/2024\/12\/cropped-logo300_300.png","width":300,"height":212,"caption":"Anti drone equipment factory >Gaussky"},"image":{"@id":"https:\/\/gaussky.com\/#\/schema\/logo\/image\/"}}]},"product_price_amount":"4100.00","product_price_currency":"USD","og_availability":"instock","product_availability":"instock","product_condition":"new"},"_links":{"self":[{"href":"https:\/\/gaussky.com\/fr\/wp-json\/wp\/v2\/product\/2673","targetHints":{"allow":["GET"]}}],"collection":[{"href":"https:\/\/gaussky.com\/fr\/wp-json\/wp\/v2\/product"}],"about":[{"href":"https:\/\/gaussky.com\/fr\/wp-json\/wp\/v2\/types\/product"}],"version-history":[{"count":2,"href":"https:\/\/gaussky.com\/fr\/wp-json\/wp\/v2\/product\/2673\/revisions"}],"predecessor-version":[{"id":2681,"href":"https:\/\/gaussky.com\/fr\/wp-json\/wp\/v2\/product\/2673\/revisions\/2681"}],"wp:featuredmedia":[{"embeddable":true,"href":"https:\/\/gaussky.com\/fr\/wp-json\/wp\/v2\/media\/2302"}],"wp:attachment":[{"href":"https:\/\/gaussky.com\/fr\/wp-json\/wp\/v2\/media?parent=2673"}],"wp:term":[{"taxonomy":"product_brand","embeddable":true,"href":"https:\/\/gaussky.com\/fr\/wp-json\/wp\/v2\/product_brand?post=2673"},{"taxonomy":"product_cat","embeddable":true,"href":"https:\/\/gaussky.com\/fr\/wp-json\/wp\/v2\/product_cat?post=2673"},{"taxonomy":"product_tag","embeddable":true,"href":"https:\/\/gaussky.com\/fr\/wp-json\/wp\/v2\/product_tag?post=2673"}],"curies":[{"name":"wp","href":"https:\/\/api.w.org\/{rel}","templated":true}]}}