{"id":1624,"date":"2024-11-11T20:00:17","date_gmt":"2024-11-11T12:00:17","guid":{"rendered":"https:\/\/gaussky.com\/?post_type=product&#038;p=1624"},"modified":"2024-12-20T14:28:40","modified_gmt":"2024-12-20T06:28:40","slug":"pistolet-brouilleur-anti-drone-f5","status":"publish","type":"product","link":"https:\/\/gaussky.com\/fr\/produit\/pistolet-brouilleur-anti-drone-f5\/","title":{"rendered":"F5 Anti Drone Jammer Gun"},"content":{"rendered":"<p><img fetchpriority=\"high\" decoding=\"async\" class=\"aligncenter size-full wp-image-1627\" src=\"https:\/\/gaussky.com\/wp-content\/uploads\/2024\/11\/F5-detail.jpg\" alt=\"F5 d\u00e9tail img\" width=\"1366\" height=\"2495\" srcset=\"https:\/\/gaussky.com\/wp-content\/uploads\/2024\/11\/F5-detail.jpg 1366w, https:\/\/gaussky.com\/wp-content\/uploads\/2024\/11\/F5-detail-164x300.jpg 164w, https:\/\/gaussky.com\/wp-content\/uploads\/2024\/11\/F5-detail-561x1024.jpg 561w, https:\/\/gaussky.com\/wp-content\/uploads\/2024\/11\/F5-detail-768x1403.jpg 768w, https:\/\/gaussky.com\/wp-content\/uploads\/2024\/11\/F5-detail-841x1536.jpg 841w, https:\/\/gaussky.com\/wp-content\/uploads\/2024\/11\/F5-detail-1121x2048.jpg 1121w, https:\/\/gaussky.com\/wp-content\/uploads\/2024\/11\/F5-detail-600x1096.jpg 600w\" sizes=\"(max-width: 1366px) 100vw, 1366px\" \/><\/p>","protected":false},"excerpt":{"rendered":"<p>Il s'agit d'un pistolet de brouillage pour drone, qui utilise la derni\u00e8re technologie DDS pour bloquer la communication des drones en envoyant des signaux de brouillage. Il peut efficacement interf\u00e9rer avec le signal de transmission de carte et le signal de commande \u00e0 distance d'une vari\u00e9t\u00e9 de drones de photographie a\u00e9rienne \u00e0 basse altitude (DJI, Autel, FPV, etc.).<\/p>","protected":false},"featured_media":1629,"template":"","meta":{"_eb_attr":"","_sitemap_exclude":false,"_sitemap_priority":"","_sitemap_frequency":"","site-sidebar-layout":"default","site-content-layout":"","ast-site-content-layout":"default","site-content-style":"default","site-sidebar-style":"default","ast-global-header-display":"","ast-banner-title-visibility":"","ast-main-header-display":"","ast-hfb-above-header-display":"","ast-hfb-below-header-display":"","ast-hfb-mobile-header-display":"","site-post-title":"","ast-breadcrumbs-content":"","ast-featured-img":"","footer-sml-layout":"","theme-transparent-header-meta":"default","adv-header-id-meta":"","stick-header-meta":"default","header-above-stick-meta":"","header-main-stick-meta":"","header-below-stick-meta":"","astra-migrate-meta-layouts":"set","ast-page-background-enabled":"default","ast-page-background-meta":{"desktop":{"background-color":"var(--ast-global-color-4)","background-image":"","background-repeat":"repeat","background-position":"center center","background-size":"auto","background-attachment":"scroll","background-type":"","background-media":"","overlay-type":"","overlay-color":"","overlay-opacity":"","overlay-gradient":""},"tablet":{"background-color":"","background-image":"","background-repeat":"repeat","background-position":"center center","background-size":"auto","background-attachment":"scroll","background-type":"","background-media":"","overlay-type":"","overlay-color":"","overlay-opacity":"","overlay-gradient":""},"mobile":{"background-color":"","background-image":"","background-repeat":"repeat","background-position":"center center","background-size":"auto","background-attachment":"scroll","background-type":"","background-media":"","overlay-type":"","overlay-color":"","overlay-opacity":"","overlay-gradient":""}},"ast-content-background-meta":{"desktop":{"background-color":"var(--ast-global-color-5)","background-image":"","background-repeat":"repeat","background-position":"center center","background-size":"auto","background-attachment":"scroll","background-type":"","background-media":"","overlay-type":"","overlay-color":"","overlay-opacity":"","overlay-gradient":""},"tablet":{"background-color":"var(--ast-global-color-5)","background-image":"","background-repeat":"repeat","background-position":"center center","background-size":"auto","background-attachment":"scroll","background-type":"","background-media":"","overlay-type":"","overlay-color":"","overlay-opacity":"","overlay-gradient":""},"mobile":{"background-color":"var(--ast-global-color-5)","background-image":"","background-repeat":"repeat","background-position":"center center","background-size":"auto","background-attachment":"scroll","background-type":"","background-media":"","overlay-type":"","overlay-color":"","overlay-opacity":"","overlay-gradient":""}}},"product_brand":[],"product_cat":[24,27],"product_tag":[],"class_list":{"0":"post-1624","1":"product","2":"type-product","3":"status-publish","4":"has-post-thumbnail","6":"product_cat-products","7":"product_cat-jammer","8":"desktop-align-left","9":"tablet-align-left","10":"mobile-align-left","12":"first","13":"instock","14":"taxable","15":"shipping-taxable","16":"product-type-simple"},"yoast_head":"<!-- This site is optimized with the Yoast SEO Premium plugin v24.1 (Yoast SEO v24.1) - https:\/\/yoast.com\/wordpress\/plugins\/seo\/ -->\n<title>F5 Anti Drone Jammer Gun - Anti drone factory<\/title>\n<meta name=\"description\" content=\"This is a jammer for aerial UAV, which can effectively suppress DJI, Autel, FPV and other UAV. Force the drone to turn back or land.\" \/>\n<meta name=\"robots\" content=\"index, follow, max-snippet:-1, max-image-preview:large, max-video-preview:-1\" \/>\n<link rel=\"canonical\" href=\"https:\/\/gaussky.com\/fr\/produit\/pistolet-brouilleur-anti-drone-f5\/\" \/>\n<meta property=\"og:locale\" content=\"fr_FR\" \/>\n<meta property=\"og:type\" content=\"article\" \/>\n<meta property=\"og:title\" content=\"F5 Anti Drone Jammer Gun\" \/>\n<meta property=\"og:description\" content=\"This is a jammer for aerial UAV, which can effectively suppress DJI, Autel, FPV and other UAV. Force the drone to turn back or land.\" \/>\n<meta property=\"og:url\" content=\"https:\/\/gaussky.com\/fr\/produit\/pistolet-brouilleur-anti-drone-f5\/\" \/>\n<meta property=\"og:site_name\" content=\"Anti drone factory\" \/>\n<meta property=\"article:modified_time\" content=\"2024-12-20T06:28:40+00:00\" \/>\n<meta property=\"og:image\" content=\"https:\/\/gaussky.com\/wp-content\/uploads\/2024\/11\/product-photo.jpg\" \/>\n\t<meta property=\"og:image:width\" content=\"1000\" \/>\n\t<meta property=\"og:image:height\" content=\"1000\" \/>\n\t<meta property=\"og:image:type\" content=\"image\/jpeg\" \/>\n<meta name=\"twitter:card\" content=\"summary_large_image\" \/>\n<meta name=\"twitter:label1\" content=\"Prix\" \/>\n\t<meta name=\"twitter:data1\" content=\"\" \/>\n\t<meta name=\"twitter:label2\" content=\"Disponibilit\u00e9\" \/>\n\t<meta name=\"twitter:data2\" content=\"En stock\" \/>\n<script type=\"application\/ld+json\" class=\"yoast-schema-graph\">{\"@context\":\"https:\/\/schema.org\",\"@graph\":[{\"@type\":\"WebPage\",\"@id\":\"https:\/\/gaussky.com\/product\/f5-anti-drone-jammer-gun\/\",\"url\":\"https:\/\/gaussky.com\/product\/f5-anti-drone-jammer-gun\/\",\"name\":\"F5 Anti Drone Jammer Gun - Anti drone factory\",\"isPartOf\":{\"@id\":\"https:\/\/gaussky.com\/#website\"},\"primaryImageOfPage\":{\"@id\":\"https:\/\/gaussky.com\/product\/f5-anti-drone-jammer-gun\/#primaryimage\"},\"image\":{\"@id\":\"https:\/\/gaussky.com\/product\/f5-anti-drone-jammer-gun\/#primaryimage\"},\"thumbnailUrl\":\"https:\/\/gaussky.com\/wp-content\/uploads\/2024\/11\/product-photo.jpg\",\"datePublished\":\"2024-11-11T12:00:17+00:00\",\"dateModified\":\"2024-12-20T06:28:40+00:00\",\"description\":\"This is a jammer for aerial UAV, which can effectively suppress DJI, Autel, FPV and other UAV. Force the drone to turn back or land.\",\"breadcrumb\":{\"@id\":\"https:\/\/gaussky.com\/product\/f5-anti-drone-jammer-gun\/#breadcrumb\"},\"inLanguage\":\"fr-FR\",\"potentialAction\":[{\"@type\":\"ReadAction\",\"target\":[\"https:\/\/gaussky.com\/product\/f5-anti-drone-jammer-gun\/\"]}]},{\"@type\":\"ImageObject\",\"inLanguage\":\"fr-FR\",\"@id\":\"https:\/\/gaussky.com\/product\/f5-anti-drone-jammer-gun\/#primaryimage\",\"url\":\"https:\/\/gaussky.com\/wp-content\/uploads\/2024\/11\/product-photo.jpg\",\"contentUrl\":\"https:\/\/gaussky.com\/wp-content\/uploads\/2024\/11\/product-photo.jpg\",\"width\":1000,\"height\":1000,\"caption\":\"product photo\"},{\"@type\":\"BreadcrumbList\",\"@id\":\"https:\/\/gaussky.com\/product\/f5-anti-drone-jammer-gun\/#breadcrumb\",\"itemListElement\":[{\"@type\":\"ListItem\",\"position\":1,\"name\":\"\u9996\u9875\",\"item\":\"https:\/\/gaussky.com\/\"},{\"@type\":\"ListItem\",\"position\":2,\"name\":\"Gaussky Product\",\"item\":\"https:\/\/gaussky.com\/product\/\"},{\"@type\":\"ListItem\",\"position\":3,\"name\":\"F5 Anti Drone Jammer Gun\"}]},{\"@type\":\"WebSite\",\"@id\":\"https:\/\/gaussky.com\/#website\",\"url\":\"https:\/\/gaussky.com\/\",\"name\":\"Anti drone equipment factory\",\"description\":\"Be your sky protector\",\"publisher\":{\"@id\":\"https:\/\/gaussky.com\/#organization\"},\"potentialAction\":[{\"@type\":\"SearchAction\",\"target\":{\"@type\":\"EntryPoint\",\"urlTemplate\":\"https:\/\/gaussky.com\/?s={search_term_string}\"},\"query-input\":{\"@type\":\"PropertyValueSpecification\",\"valueRequired\":true,\"valueName\":\"search_term_string\"}}],\"inLanguage\":\"fr-FR\"},{\"@type\":\"Organization\",\"@id\":\"https:\/\/gaussky.com\/#organization\",\"name\":\"Anti drone equipment factory >Gaussky\",\"url\":\"https:\/\/gaussky.com\/\",\"logo\":{\"@type\":\"ImageObject\",\"inLanguage\":\"fr-FR\",\"@id\":\"https:\/\/gaussky.com\/#\/schema\/logo\/image\/\",\"url\":\"https:\/\/gaussky.com\/wp-content\/uploads\/2024\/12\/cropped-logo300_300.png\",\"contentUrl\":\"https:\/\/gaussky.com\/wp-content\/uploads\/2024\/12\/cropped-logo300_300.png\",\"width\":300,\"height\":212,\"caption\":\"Anti drone equipment factory >Gaussky\"},\"image\":{\"@id\":\"https:\/\/gaussky.com\/#\/schema\/logo\/image\/\"}}]}<\/script>\n<meta property=\"product:price:currency\" content=\"USD\" \/>\n<meta property=\"og:availability\" content=\"instock\" \/>\n<meta property=\"product:availability\" content=\"instock\" \/>\n<meta property=\"product:condition\" content=\"new\" \/>\n<!-- \/ Yoast SEO Premium plugin. -->","yoast_head_json":{"title":"F5 Anti Drone Jammer Gun - Anti drone factory","description":"Il s'agit d'un brouilleur pour drone a\u00e9rien, qui peut supprimer efficacement DJI, Autel, FPV et d'autres drones. Oblige le drone \u00e0 faire demi-tour ou \u00e0 atterrir.","robots":{"index":"index","follow":"follow","max-snippet":"max-snippet:-1","max-image-preview":"max-image-preview:large","max-video-preview":"max-video-preview:-1"},"canonical":"https:\/\/gaussky.com\/fr\/produit\/pistolet-brouilleur-anti-drone-f5\/","og_locale":"fr_FR","og_type":"article","og_title":"F5 Anti Drone Jammer Gun","og_description":"This is a jammer for aerial UAV, which can effectively suppress DJI, Autel, FPV and other UAV. Force the drone to turn back or land.","og_url":"https:\/\/gaussky.com\/fr\/produit\/pistolet-brouilleur-anti-drone-f5\/","og_site_name":"Anti drone factory","article_modified_time":"2024-12-20T06:28:40+00:00","og_image":[{"width":1000,"height":1000,"url":"https:\/\/gaussky.com\/wp-content\/uploads\/2024\/11\/product-photo.jpg","type":"image\/jpeg"}],"twitter_card":"summary_large_image","twitter_misc":{"Prix":"","Disponibilit\u00e9":"En stock"},"schema":{"@context":"https:\/\/schema.org","@graph":[{"@type":"WebPage","@id":"https:\/\/gaussky.com\/product\/f5-anti-drone-jammer-gun\/","url":"https:\/\/gaussky.com\/product\/f5-anti-drone-jammer-gun\/","name":"F5 Anti Drone Jammer Gun - Anti drone factory","isPartOf":{"@id":"https:\/\/gaussky.com\/#website"},"primaryImageOfPage":{"@id":"https:\/\/gaussky.com\/product\/f5-anti-drone-jammer-gun\/#primaryimage"},"image":{"@id":"https:\/\/gaussky.com\/product\/f5-anti-drone-jammer-gun\/#primaryimage"},"thumbnailUrl":"https:\/\/gaussky.com\/wp-content\/uploads\/2024\/11\/product-photo.jpg","datePublished":"2024-11-11T12:00:17+00:00","dateModified":"2024-12-20T06:28:40+00:00","description":"Il s'agit d'un brouilleur pour drone a\u00e9rien, qui peut supprimer efficacement DJI, Autel, FPV et d'autres drones. Oblige le drone \u00e0 faire demi-tour ou \u00e0 atterrir.","breadcrumb":{"@id":"https:\/\/gaussky.com\/product\/f5-anti-drone-jammer-gun\/#breadcrumb"},"inLanguage":"fr-FR","potentialAction":[{"@type":"ReadAction","target":["https:\/\/gaussky.com\/product\/f5-anti-drone-jammer-gun\/"]}]},{"@type":"ImageObject","inLanguage":"fr-FR","@id":"https:\/\/gaussky.com\/product\/f5-anti-drone-jammer-gun\/#primaryimage","url":"https:\/\/gaussky.com\/wp-content\/uploads\/2024\/11\/product-photo.jpg","contentUrl":"https:\/\/gaussky.com\/wp-content\/uploads\/2024\/11\/product-photo.jpg","width":1000,"height":1000,"caption":"product photo"},{"@type":"BreadcrumbList","@id":"https:\/\/gaussky.com\/product\/f5-anti-drone-jammer-gun\/#breadcrumb","itemListElement":[{"@type":"ListItem","position":1,"name":"\u9996\u9875","item":"https:\/\/gaussky.com\/"},{"@type":"ListItem","position":2,"name":"Gaussky Product","item":"https:\/\/gaussky.com\/product\/"},{"@type":"ListItem","position":3,"name":"F5 Anti Drone Jammer Gun"}]},{"@type":"WebSite","@id":"https:\/\/gaussky.com\/#website","url":"https:\/\/gaussky.com\/","name":"Usine d'\u00e9quipements anti-drones","description":"Soyez le protecteur de votre ciel","publisher":{"@id":"https:\/\/gaussky.com\/#organization"},"potentialAction":[{"@type":"SearchAction","target":{"@type":"EntryPoint","urlTemplate":"https:\/\/gaussky.com\/?s={search_term_string}"},"query-input":{"@type":"PropertyValueSpecification","valueRequired":true,"valueName":"search_term_string"}}],"inLanguage":"fr-FR"},{"@type":"Organization","@id":"https:\/\/gaussky.com\/#organization","name":"Usine d'\u00e9quipements anti-drones &gt;Gaussky","url":"https:\/\/gaussky.com\/","logo":{"@type":"ImageObject","inLanguage":"fr-FR","@id":"https:\/\/gaussky.com\/#\/schema\/logo\/image\/","url":"https:\/\/gaussky.com\/wp-content\/uploads\/2024\/12\/cropped-logo300_300.png","contentUrl":"https:\/\/gaussky.com\/wp-content\/uploads\/2024\/12\/cropped-logo300_300.png","width":300,"height":212,"caption":"Anti drone equipment factory >Gaussky"},"image":{"@id":"https:\/\/gaussky.com\/#\/schema\/logo\/image\/"}}]},"product_price_currency":"USD","og_availability":"instock","product_availability":"instock","product_condition":"new"},"_links":{"self":[{"href":"https:\/\/gaussky.com\/fr\/wp-json\/wp\/v2\/product\/1624","targetHints":{"allow":["GET"]}}],"collection":[{"href":"https:\/\/gaussky.com\/fr\/wp-json\/wp\/v2\/product"}],"about":[{"href":"https:\/\/gaussky.com\/fr\/wp-json\/wp\/v2\/types\/product"}],"version-history":[{"count":0,"href":"https:\/\/gaussky.com\/fr\/wp-json\/wp\/v2\/product\/1624\/revisions"}],"wp:featuredmedia":[{"embeddable":true,"href":"https:\/\/gaussky.com\/fr\/wp-json\/wp\/v2\/media\/1629"}],"wp:attachment":[{"href":"https:\/\/gaussky.com\/fr\/wp-json\/wp\/v2\/media?parent=1624"}],"wp:term":[{"taxonomy":"product_brand","embeddable":true,"href":"https:\/\/gaussky.com\/fr\/wp-json\/wp\/v2\/product_brand?post=1624"},{"taxonomy":"product_cat","embeddable":true,"href":"https:\/\/gaussky.com\/fr\/wp-json\/wp\/v2\/product_cat?post=1624"},{"taxonomy":"product_tag","embeddable":true,"href":"https:\/\/gaussky.com\/fr\/wp-json\/wp\/v2\/product_tag?post=1624"}],"curies":[{"name":"wp","href":"https:\/\/api.w.org\/{rel}","templated":true}]}}