{"id":3,"date":"2024-07-15T10:27:40","date_gmt":"2024-07-15T02:27:40","guid":{"rendered":"http:\/\/guassky.com\/?page_id=3"},"modified":"2024-12-20T11:14:59","modified_gmt":"2024-12-20T03:14:59","slug":"politique-de-confidentialite","status":"publish","type":"page","link":"https:\/\/gaussky.com\/fr\/politique-de-confidentialite\/","title":{"rendered":"\u9690\u79c1\u653f\u7b56"},"content":{"rendered":"<style>.elementor-3 .elementor-element.elementor-element-16eb8200{--display:flex;overflow:visible;}<\/style>\t\t<div data-elementor-type=\"wp-page\" data-elementor-id=\"3\" class=\"elementor elementor-3\" data-elementor-settings=\"{&quot;ha_cmc_init_switcher&quot;:&quot;no&quot;}\" data-elementor-post-type=\"page\">\n\t\t\t\t<div class=\"elementor-element elementor-element-16eb8200 e-flex e-con-boxed e-con e-parent\" data-id=\"16eb8200\" data-element_type=\"container\" data-settings=\"{&quot;_ha_eqh_enable&quot;:false}\">\n\t\t\t\t\t<div class=\"e-con-inner\">\n\t\t\t\t<div class=\"elementor-element elementor-element-76b6e6b1 elementor-widget elementor-widget-text-editor\" data-id=\"76b6e6b1\" data-element_type=\"widget\" data-settings=\"{&quot;ekit_we_effect_on&quot;:&quot;none&quot;}\" data-widget_type=\"text-editor.default\">\n\t\t\t\t<div class=\"elementor-widget-container\">\n\t\t\t\t\t\t\t\t\t\n<p>\u00a0<\/p>\n<p>\u00a0<\/p>\n<h2 class=\"wp-block-heading\">Qui sommes-nous ?<\/h2>\n<p>Notre site web est http:\/\/guassky.com.<\/p>\n<h2>Commentaires<\/h2>\n<p>Lorsqu'un visiteur laisse un commentaire, nous recueillons les donn\u00e9es du formulaire de commentaire, ainsi que l'adresse IP du visiteur et la cha\u00eene User-Agent du navigateur pour nous aider \u00e0 d\u00e9tecter les spams dans les commentaires.<\/p>\n<p>Une cha\u00eene anonymis\u00e9e (\u00e9galement connue sous le nom de hachage) g\u00e9n\u00e9r\u00e9e \u00e0 partir de votre adresse \u00e9lectronique peut \u00eatre fournie au service Gravatar pour confirmer votre utilisation du service. La politique de confidentialit\u00e9 du service Gravatar se trouve ici : https:\/\/automattic.com\/privacy\/. Une fois votre commentaire approuv\u00e9, votre photo de profil sera affich\u00e9e publiquement \u00e0 c\u00f4t\u00e9 de votre commentaire.<\/p>\n<h2>Les m\u00e9dias<\/h2>\n<p>Si vous t\u00e9l\u00e9chargez des images sur ce site, vous devez \u00e9viter de t\u00e9l\u00e9charger des images contenant des informations de g\u00e9olocalisation (EXIF GPS). Les visiteurs de ce site pourront t\u00e9l\u00e9charger et extraire des informations de localisation \u00e0 partir des images de ce site.<\/p>\n<h2>Cookies<\/h2>\n<p>Si vous laissez un commentaire sur notre site, vous pouvez choisir d'enregistrer votre nom, votre adresse \u00e9lectronique et votre adresse web \u00e0 l'aide de cookies. Cela vous permet de ne pas avoir \u00e0 remplir \u00e0 nouveau le contenu pertinent dans les commentaires. Ces cookies sont conserv\u00e9s pendant un an.<\/p>\n<p>Si vous visitez notre page de connexion, nous placerons un cookie temporaire pour confirmer que votre navigateur accepte les cookies. Ce cookie ne contient aucune donn\u00e9e personnelle et est supprim\u00e9 lorsque vous fermez votre navigateur.<\/p>\n<p>Lorsque vous vous connectez, nous installons \u00e9galement un certain nombre de cookies pour enregistrer vos informations de connexion et les options d'affichage de l'\u00e9cran. Les cookies de connexion sont conserv\u00e9s pendant deux jours, tandis que les cookies d'affichage d'\u00e9cran sont conserv\u00e9s pendant un an. Si vous s\u00e9lectionnez \"Se souvenir de moi\", votre statut de connexion est conserv\u00e9 pendant deux semaines. Si vous vous d\u00e9connectez de votre compte, les cookies utilis\u00e9s pour vous connecter seront supprim\u00e9s.<\/p>\n<p>Si vous modifiez ou publiez un article, nous enregistrons un cookie suppl\u00e9mentaire dans votre navigateur. Ce cookie ne contient pas de donn\u00e9es personnelles mais enregistre uniquement l'identifiant de l'article que vous venez de modifier. Ce cookie sera conserv\u00e9 pendant un jour.<\/p>\n<h2>Contenu int\u00e9gr\u00e9 d'autres sites web<\/h2>\n<p>Les articles de ce site peuvent contenir des contenus int\u00e9gr\u00e9s (tels que des vid\u00e9os, des images, des articles, etc.). Le comportement du contenu int\u00e9gr\u00e9 provenant d'autres sites n'est pas diff\u00e9rent de celui que vous adoptez lorsque vous visitez directement ces autres sites.<\/p>\n<p>Ces sites peuvent collecter des donn\u00e9es vous concernant, utiliser des cookies, int\u00e9grer des traceurs tiers suppl\u00e9mentaires et surveiller vos interactions avec le contenu int\u00e9gr\u00e9, notamment lorsque vous avez un compte sur les sites et que vous \u00eates connect\u00e9 aux sites.<\/p>\n<h2>Avec qui partageons-nous vos informations ?<\/h2>\n<p>Si vous demandez une r\u00e9initialisation de votre mot de passe, votre adresse IP sera incluse dans l'e-mail de r\u00e9initialisation du mot de passe.<\/p>\n<h2>Dur\u00e9e de conservation des informations<\/h2>\n<p>Si vous laissez un commentaire, celui-ci et ses m\u00e9tadonn\u00e9es sont sauvegard\u00e9s ind\u00e9finiment. Cela nous permet d'identifier et d'approuver automatiquement les commentaires de suivi sans les ajouter \u00e0 la file d'attente d'examen.<\/p>\n<p>Pour les utilisateurs enregistr\u00e9s de ce site web, nous enregistrons \u00e9galement les informations personnelles fournies par l'utilisateur dans son profil. Tous les utilisateurs peuvent consulter, modifier ou supprimer leurs informations personnelles \u00e0 tout moment (sauf qu'ils ne peuvent pas changer leur nom d'utilisateur), et les administrateurs du site peuvent \u00e9galement consulter et modifier ces informations.<\/p>\n<h2>Quels sont vos droits concernant vos informations ?<\/h2>\n<p>Si vous avez un compte sur ce site, ou si vous avez d\u00e9j\u00e0 laiss\u00e9 un commentaire, vous pouvez demander un fichier d'exportation des donn\u00e9es personnelles que nous poss\u00e9dons \u00e0 votre sujet, y compris toutes les donn\u00e9es que vous nous avez fournies. Vous pouvez \u00e9galement nous demander d'effacer toutes les donn\u00e9es \u00e0 caract\u00e8re personnel vous concernant. Cela n'inclut pas les donn\u00e9es que nous devons conserver pour des raisons administratives, r\u00e9glementaires ou de s\u00e9curit\u00e9.<\/p>\n<h2>O\u00f9 vos donn\u00e9es seront-elles envoy\u00e9es ?<\/h2>\n<p>Les commentaires des visiteurs peuvent \u00eatre v\u00e9rifi\u00e9s par des services automatis\u00e9s de contr\u00f4le des spams.<\/p>\t\t\t\t\t\t\t\t<\/div>\n\t\t\t\t<\/div>\n\t\t\t\t\t<\/div>\n\t\t\t\t<\/div>\n\t\t\t\t<\/div>","protected":false},"excerpt":{"rendered":"<p>\u00a0 \u00a0 Who we are Our website is http:\/\/guassky.com. Comments When a visitor leaves a comment, we collect data from [&hellip;]<\/p>","protected":false},"author":1,"featured_media":0,"parent":0,"menu_order":0,"comment_status":"closed","ping_status":"open","template":"","meta":{"_eb_attr":"","_sitemap_exclude":false,"_sitemap_priority":"","_sitemap_frequency":"","site-sidebar-layout":"default","site-content-layout":"","ast-site-content-layout":"","site-content-style":"default","site-sidebar-style":"default","ast-global-header-display":"","ast-banner-title-visibility":"","ast-main-header-display":"","ast-hfb-above-header-display":"","ast-hfb-below-header-display":"","ast-hfb-mobile-header-display":"","site-post-title":"","ast-breadcrumbs-content":"","ast-featured-img":"","footer-sml-layout":"","theme-transparent-header-meta":"","adv-header-id-meta":"","stick-header-meta":"","header-above-stick-meta":"","header-main-stick-meta":"","header-below-stick-meta":"","astra-migrate-meta-layouts":"default","ast-page-background-enabled":"default","ast-page-background-meta":{"desktop":{"background-color":"var(--ast-global-color-4)","background-image":"","background-repeat":"repeat","background-position":"center center","background-size":"auto","background-attachment":"scroll","background-type":"","background-media":"","overlay-type":"","overlay-color":"","overlay-opacity":"","overlay-gradient":""},"tablet":{"background-color":"","background-image":"","background-repeat":"repeat","background-position":"center center","background-size":"auto","background-attachment":"scroll","background-type":"","background-media":"","overlay-type":"","overlay-color":"","overlay-opacity":"","overlay-gradient":""},"mobile":{"background-color":"","background-image":"","background-repeat":"repeat","background-position":"center center","background-size":"auto","background-attachment":"scroll","background-type":"","background-media":"","overlay-type":"","overlay-color":"","overlay-opacity":"","overlay-gradient":""}},"ast-content-background-meta":{"desktop":{"background-color":"var(--ast-global-color-5)","background-image":"","background-repeat":"repeat","background-position":"center center","background-size":"auto","background-attachment":"scroll","background-type":"","background-media":"","overlay-type":"","overlay-color":"","overlay-opacity":"","overlay-gradient":""},"tablet":{"background-color":"var(--ast-global-color-5)","background-image":"","background-repeat":"repeat","background-position":"center center","background-size":"auto","background-attachment":"scroll","background-type":"","background-media":"","overlay-type":"","overlay-color":"","overlay-opacity":"","overlay-gradient":""},"mobile":{"background-color":"var(--ast-global-color-5)","background-image":"","background-repeat":"repeat","background-position":"center center","background-size":"auto","background-attachment":"scroll","background-type":"","background-media":"","overlay-type":"","overlay-color":"","overlay-opacity":"","overlay-gradient":""}},"footnotes":""},"class_list":["post-3","page","type-page","status-publish","hentry"],"yoast_head":"<!-- This site is optimized with the Yoast SEO Premium plugin v24.1 (Yoast SEO v24.1) - https:\/\/yoast.com\/wordpress\/plugins\/seo\/ -->\n<title>\u9690\u79c1\u653f\u7b56 - Anti drone factory<\/title>\n<meta name=\"robots\" content=\"index, follow, max-snippet:-1, max-image-preview:large, max-video-preview:-1\" \/>\n<link rel=\"canonical\" href=\"https:\/\/gaussky.com\/fr\/politique-de-confidentialite\/\" \/>\n<meta property=\"og:locale\" content=\"fr_FR\" \/>\n<meta property=\"og:type\" content=\"article\" \/>\n<meta property=\"og:title\" content=\"\u9690\u79c1\u653f\u7b56\" \/>\n<meta property=\"og:description\" content=\"\u00a0 \u00a0 Who we are Our website is http:\/\/guassky.com. Comments When a visitor leaves a comment, we collect data from [&hellip;]\" \/>\n<meta property=\"og:url\" content=\"https:\/\/gaussky.com\/fr\/politique-de-confidentialite\/\" \/>\n<meta property=\"og:site_name\" content=\"Anti drone factory\" \/>\n<meta property=\"article:modified_time\" content=\"2024-12-20T03:14:59+00:00\" \/>\n<meta name=\"twitter:card\" content=\"summary_large_image\" \/>\n<meta name=\"twitter:label1\" content=\"Dur\u00e9e de lecture estim\u00e9e\" \/>\n\t<meta name=\"twitter:data1\" content=\"3 minutes\" \/>\n<script type=\"application\/ld+json\" class=\"yoast-schema-graph\">{\"@context\":\"https:\/\/schema.org\",\"@graph\":[{\"@type\":\"WebPage\",\"@id\":\"https:\/\/gaussky.com\/privacy-policy\/\",\"url\":\"https:\/\/gaussky.com\/privacy-policy\/\",\"name\":\"\u9690\u79c1\u653f\u7b56 - Anti drone factory\",\"isPartOf\":{\"@id\":\"https:\/\/gaussky.com\/#website\"},\"datePublished\":\"2024-07-15T02:27:40+00:00\",\"dateModified\":\"2024-12-20T03:14:59+00:00\",\"breadcrumb\":{\"@id\":\"https:\/\/gaussky.com\/privacy-policy\/#breadcrumb\"},\"inLanguage\":\"fr-FR\",\"potentialAction\":[{\"@type\":\"ReadAction\",\"target\":[\"https:\/\/gaussky.com\/privacy-policy\/\"]}]},{\"@type\":\"BreadcrumbList\",\"@id\":\"https:\/\/gaussky.com\/privacy-policy\/#breadcrumb\",\"itemListElement\":[{\"@type\":\"ListItem\",\"position\":1,\"name\":\"\u9996\u9875\",\"item\":\"https:\/\/gaussky.com\/\"},{\"@type\":\"ListItem\",\"position\":2,\"name\":\"\u9690\u79c1\u653f\u7b56\"}]},{\"@type\":\"WebSite\",\"@id\":\"https:\/\/gaussky.com\/#website\",\"url\":\"https:\/\/gaussky.com\/\",\"name\":\"Anti drone equipment factory\",\"description\":\"Be your sky protector\",\"publisher\":{\"@id\":\"https:\/\/gaussky.com\/#organization\"},\"potentialAction\":[{\"@type\":\"SearchAction\",\"target\":{\"@type\":\"EntryPoint\",\"urlTemplate\":\"https:\/\/gaussky.com\/?s={search_term_string}\"},\"query-input\":{\"@type\":\"PropertyValueSpecification\",\"valueRequired\":true,\"valueName\":\"search_term_string\"}}],\"inLanguage\":\"fr-FR\"},{\"@type\":\"Organization\",\"@id\":\"https:\/\/gaussky.com\/#organization\",\"name\":\"Anti drone equipment factory >Gaussky\",\"url\":\"https:\/\/gaussky.com\/\",\"logo\":{\"@type\":\"ImageObject\",\"inLanguage\":\"fr-FR\",\"@id\":\"https:\/\/gaussky.com\/#\/schema\/logo\/image\/\",\"url\":\"https:\/\/gaussky.com\/wp-content\/uploads\/2024\/12\/cropped-logo300_300.png\",\"contentUrl\":\"https:\/\/gaussky.com\/wp-content\/uploads\/2024\/12\/cropped-logo300_300.png\",\"width\":300,\"height\":212,\"caption\":\"Anti drone equipment factory >Gaussky\"},\"image\":{\"@id\":\"https:\/\/gaussky.com\/#\/schema\/logo\/image\/\"}}]}<\/script>\n<!-- \/ Yoast SEO Premium plugin. -->","yoast_head_json":{"title":"\u9690\u79c1\u653f\u7b56 - Usine anti-drones","robots":{"index":"index","follow":"follow","max-snippet":"max-snippet:-1","max-image-preview":"max-image-preview:large","max-video-preview":"max-video-preview:-1"},"canonical":"https:\/\/gaussky.com\/fr\/politique-de-confidentialite\/","og_locale":"fr_FR","og_type":"article","og_title":"\u9690\u79c1\u653f\u7b56","og_description":"\u00a0 \u00a0 Who we are Our website is http:\/\/guassky.com. Comments When a visitor leaves a comment, we collect data from [&hellip;]","og_url":"https:\/\/gaussky.com\/fr\/politique-de-confidentialite\/","og_site_name":"Anti drone factory","article_modified_time":"2024-12-20T03:14:59+00:00","twitter_card":"summary_large_image","twitter_misc":{"Dur\u00e9e de lecture estim\u00e9e":"3 minutes"},"schema":{"@context":"https:\/\/schema.org","@graph":[{"@type":"WebPage","@id":"https:\/\/gaussky.com\/privacy-policy\/","url":"https:\/\/gaussky.com\/privacy-policy\/","name":"\u9690\u79c1\u653f\u7b56 - Usine anti-drones","isPartOf":{"@id":"https:\/\/gaussky.com\/#website"},"datePublished":"2024-07-15T02:27:40+00:00","dateModified":"2024-12-20T03:14:59+00:00","breadcrumb":{"@id":"https:\/\/gaussky.com\/privacy-policy\/#breadcrumb"},"inLanguage":"fr-FR","potentialAction":[{"@type":"ReadAction","target":["https:\/\/gaussky.com\/privacy-policy\/"]}]},{"@type":"BreadcrumbList","@id":"https:\/\/gaussky.com\/privacy-policy\/#breadcrumb","itemListElement":[{"@type":"ListItem","position":1,"name":"\u9996\u9875","item":"https:\/\/gaussky.com\/"},{"@type":"ListItem","position":2,"name":"\u9690\u79c1\u653f\u7b56"}]},{"@type":"WebSite","@id":"https:\/\/gaussky.com\/#website","url":"https:\/\/gaussky.com\/","name":"Usine d'\u00e9quipements anti-drones","description":"Soyez le protecteur de votre ciel","publisher":{"@id":"https:\/\/gaussky.com\/#organization"},"potentialAction":[{"@type":"SearchAction","target":{"@type":"EntryPoint","urlTemplate":"https:\/\/gaussky.com\/?s={search_term_string}"},"query-input":{"@type":"PropertyValueSpecification","valueRequired":true,"valueName":"search_term_string"}}],"inLanguage":"fr-FR"},{"@type":"Organization","@id":"https:\/\/gaussky.com\/#organization","name":"Usine d'\u00e9quipements anti-drones &gt;Gaussky","url":"https:\/\/gaussky.com\/","logo":{"@type":"ImageObject","inLanguage":"fr-FR","@id":"https:\/\/gaussky.com\/#\/schema\/logo\/image\/","url":"https:\/\/gaussky.com\/wp-content\/uploads\/2024\/12\/cropped-logo300_300.png","contentUrl":"https:\/\/gaussky.com\/wp-content\/uploads\/2024\/12\/cropped-logo300_300.png","width":300,"height":212,"caption":"Anti drone equipment factory >Gaussky"},"image":{"@id":"https:\/\/gaussky.com\/#\/schema\/logo\/image\/"}}]}},"_links":{"self":[{"href":"https:\/\/gaussky.com\/fr\/wp-json\/wp\/v2\/pages\/3","targetHints":{"allow":["GET"]}}],"collection":[{"href":"https:\/\/gaussky.com\/fr\/wp-json\/wp\/v2\/pages"}],"about":[{"href":"https:\/\/gaussky.com\/fr\/wp-json\/wp\/v2\/types\/page"}],"author":[{"embeddable":true,"href":"https:\/\/gaussky.com\/fr\/wp-json\/wp\/v2\/users\/1"}],"replies":[{"embeddable":true,"href":"https:\/\/gaussky.com\/fr\/wp-json\/wp\/v2\/comments?post=3"}],"version-history":[{"count":0,"href":"https:\/\/gaussky.com\/fr\/wp-json\/wp\/v2\/pages\/3\/revisions"}],"wp:attachment":[{"href":"https:\/\/gaussky.com\/fr\/wp-json\/wp\/v2\/media?parent=3"}],"curies":[{"name":"wp","href":"https:\/\/api.w.org\/{rel}","templated":true}]}}