{"id":3,"date":"2024-07-15T10:27:40","date_gmt":"2024-07-15T02:27:40","guid":{"rendered":"http:\/\/guassky.com\/?page_id=3"},"modified":"2024-12-20T11:14:59","modified_gmt":"2024-12-20T03:14:59","slug":"politica-de-privacidad","status":"publish","type":"page","link":"https:\/\/gaussky.com\/es\/politica-de-privacidad\/","title":{"rendered":"\u9690\u79c1\u653f\u7b56"},"content":{"rendered":"<style>.elementor-3 .elementor-element.elementor-element-16eb8200{--display:flex;overflow:visible;}<\/style>\t\t<div data-elementor-type=\"wp-page\" data-elementor-id=\"3\" class=\"elementor elementor-3\" data-elementor-settings=\"{&quot;ha_cmc_init_switcher&quot;:&quot;no&quot;}\" data-elementor-post-type=\"page\">\n\t\t\t\t<div class=\"elementor-element elementor-element-16eb8200 e-flex e-con-boxed e-con e-parent\" data-id=\"16eb8200\" data-element_type=\"container\" data-settings=\"{&quot;_ha_eqh_enable&quot;:false}\">\n\t\t\t\t\t<div class=\"e-con-inner\">\n\t\t\t\t<div class=\"elementor-element elementor-element-76b6e6b1 elementor-widget elementor-widget-text-editor\" data-id=\"76b6e6b1\" data-element_type=\"widget\" data-settings=\"{&quot;ekit_we_effect_on&quot;:&quot;none&quot;}\" data-widget_type=\"text-editor.default\">\n\t\t\t\t<div class=\"elementor-widget-container\">\n\t\t\t\t\t\t\t\t\t\n<p>\u00a0<\/p>\n<p>\u00a0<\/p>\n<h2 class=\"wp-block-heading\">Qui\u00e9nes somos<\/h2>\n<p>Nuestro sitio web es http:\/\/guassky.com.<\/p>\n<h2>Comentarios<\/h2>\n<p>Cuando un visitante deja un comentario, recopilamos datos del formulario de comentarios, as\u00ed como la direcci\u00f3n IP del visitante y la cadena User-Agent del navegador para ayudar a detectar spam en los comentarios.<\/p>\n<p>Una cadena an\u00f3nima (tambi\u00e9n conocida como hash) generada a partir de su direcci\u00f3n de correo electr\u00f3nico puede ser proporcionada al servicio Gravatar para confirmar su uso del servicio. Puede consultar la pol\u00edtica de privacidad del servicio aqu\u00ed: https:\/\/automattic.com\/privacy\/. Una vez aprobado tu comentario, tu foto de perfil se mostrar\u00e1 p\u00fablicamente junto a tu comentario.<\/p>\n<h2>Medios de comunicaci\u00f3n<\/h2>\n<p>Si carga im\u00e1genes en este sitio, evite hacerlo con informaci\u00f3n de geolocalizaci\u00f3n incrustada (EXIF GPS). Los visitantes de este sitio podr\u00e1n descargar y extraer informaci\u00f3n de localizaci\u00f3n de las im\u00e1genes de este sitio.<\/p>\n<h2>Cookies<\/h2>\n<p>Si deja un comentario en nuestro sitio, puede optar por guardar su nombre, direcci\u00f3n de correo electr\u00f3nico y direcci\u00f3n web utilizando cookies. Esto es una comodidad para usted al no tener que rellenar de nuevo el contenido relevante en los comentarios. Estas Cookies se conservan durante un a\u00f1o.<\/p>\n<p>Si visita nuestra p\u00e1gina de inicio de sesi\u00f3n, instalaremos una Cookie temporal para confirmar que su navegador acepta Cookies. Esta Cookie no contiene datos personales y se descarta cuando usted cierra su navegador.<\/p>\n<p>Al iniciar sesi\u00f3n, tambi\u00e9n establecemos una serie de Cookies para guardar su informaci\u00f3n de inicio de sesi\u00f3n y las opciones de visualizaci\u00f3n en pantalla. Las Cookies de inicio de sesi\u00f3n se conservan durante dos d\u00edas, mientras que las Cookies de visualizaci\u00f3n en pantalla se conservan durante un a\u00f1o. Si selecciona \"Recordarme\", su estado de inicio de sesi\u00f3n se conserva durante dos semanas. Si sale de su cuenta, se eliminar\u00e1n las cookies utilizadas para iniciar sesi\u00f3n.<\/p>\n<p>Si edita o publica un art\u00edculo, guardaremos una Cookie adicional en su navegador. Esta Cookie no contiene datos personales, sino que solo registra el ID del post que acabas de editar. Esta Cookie se conservar\u00e1 durante un d\u00eda.<\/p>\n<h2>Contenido incrustado de otros sitios web<\/h2>\n<p>Los art\u00edculos de este sitio pueden contener contenidos incrustados (como v\u00eddeos, im\u00e1genes, art\u00edculos, etc.). El comportamiento de los contenidos incrustados de otros sitios no difiere del que se observa cuando se visitan esos otros sitios directamente.<\/p>\n<p>Estos sitios pueden recopilar datos sobre usted, utilizar cookies, incrustar rastreadores adicionales de terceros y supervisar sus interacciones con el contenido incrustado, incluido el seguimiento de sus interacciones con el contenido incrustado cuando tiene una cuenta en los sitios y ha iniciado sesi\u00f3n en ellos.<\/p>\n<h2>Con qui\u00e9n compartimos su informaci\u00f3n<\/h2>\n<p>Si solicita un restablecimiento de contrase\u00f1a, su direcci\u00f3n IP se incluir\u00e1 en el correo electr\u00f3nico de restablecimiento de contrase\u00f1a.<\/p>\n<h2>Cu\u00e1nto tiempo conservamos su informaci\u00f3n<\/h2>\n<p>Si deja un comentario, el comentario y sus metadatos se guardan indefinidamente. Hacemos esto para poder identificar y aprobar autom\u00e1ticamente cualquier comentario de seguimiento sin a\u00f1adirlo a la cola de revisi\u00f3n.<\/p>\n<p>Para los usuarios registrados de este sitio web, tambi\u00e9n guardaremos la informaci\u00f3n personal proporcionada por el usuario en el perfil. Todos los usuarios pueden ver, editar o borrar su informaci\u00f3n personal en cualquier momento (excepto que no pueden cambiar su nombre de usuario), y los administradores del sitio tambi\u00e9n pueden ver y editar esa informaci\u00f3n.<\/p>\n<h2>\u00bfQu\u00e9 derechos tiene sobre sus datos?<\/h2>\n<p>Si tiene una cuenta en este sitio, o alguna vez ha dejado un comentario, puede solicitar un archivo de exportaci\u00f3n de los datos personales que tenemos sobre usted, incluidos todos los datos que nos ha facilitado. Tambi\u00e9n puede pedirnos que borremos todos sus datos personales. Esto no incluye los datos que debamos conservar por necesidades administrativas, normativas o de seguridad.<\/p>\n<h2>D\u00f3nde se enviar\u00e1n sus datos<\/h2>\n<p>Los comentarios de los invitados pueden ser revisados por servicios automatizados de control de spam.<\/p>\t\t\t\t\t\t\t\t<\/div>\n\t\t\t\t<\/div>\n\t\t\t\t\t<\/div>\n\t\t\t\t<\/div>\n\t\t\t\t<\/div>","protected":false},"excerpt":{"rendered":"<p>\u00a0 \u00a0 Who we are Our website is http:\/\/guassky.com. Comments When a visitor leaves a comment, we collect data from [&hellip;]<\/p>","protected":false},"author":1,"featured_media":0,"parent":0,"menu_order":0,"comment_status":"closed","ping_status":"open","template":"","meta":{"_eb_attr":"","_sitemap_exclude":false,"_sitemap_priority":"","_sitemap_frequency":"","site-sidebar-layout":"default","site-content-layout":"","ast-site-content-layout":"","site-content-style":"default","site-sidebar-style":"default","ast-global-header-display":"","ast-banner-title-visibility":"","ast-main-header-display":"","ast-hfb-above-header-display":"","ast-hfb-below-header-display":"","ast-hfb-mobile-header-display":"","site-post-title":"","ast-breadcrumbs-content":"","ast-featured-img":"","footer-sml-layout":"","theme-transparent-header-meta":"","adv-header-id-meta":"","stick-header-meta":"","header-above-stick-meta":"","header-main-stick-meta":"","header-below-stick-meta":"","astra-migrate-meta-layouts":"default","ast-page-background-enabled":"default","ast-page-background-meta":{"desktop":{"background-color":"var(--ast-global-color-4)","background-image":"","background-repeat":"repeat","background-position":"center center","background-size":"auto","background-attachment":"scroll","background-type":"","background-media":"","overlay-type":"","overlay-color":"","overlay-opacity":"","overlay-gradient":""},"tablet":{"background-color":"","background-image":"","background-repeat":"repeat","background-position":"center center","background-size":"auto","background-attachment":"scroll","background-type":"","background-media":"","overlay-type":"","overlay-color":"","overlay-opacity":"","overlay-gradient":""},"mobile":{"background-color":"","background-image":"","background-repeat":"repeat","background-position":"center center","background-size":"auto","background-attachment":"scroll","background-type":"","background-media":"","overlay-type":"","overlay-color":"","overlay-opacity":"","overlay-gradient":""}},"ast-content-background-meta":{"desktop":{"background-color":"var(--ast-global-color-5)","background-image":"","background-repeat":"repeat","background-position":"center center","background-size":"auto","background-attachment":"scroll","background-type":"","background-media":"","overlay-type":"","overlay-color":"","overlay-opacity":"","overlay-gradient":""},"tablet":{"background-color":"var(--ast-global-color-5)","background-image":"","background-repeat":"repeat","background-position":"center center","background-size":"auto","background-attachment":"scroll","background-type":"","background-media":"","overlay-type":"","overlay-color":"","overlay-opacity":"","overlay-gradient":""},"mobile":{"background-color":"var(--ast-global-color-5)","background-image":"","background-repeat":"repeat","background-position":"center center","background-size":"auto","background-attachment":"scroll","background-type":"","background-media":"","overlay-type":"","overlay-color":"","overlay-opacity":"","overlay-gradient":""}},"footnotes":""},"class_list":["post-3","page","type-page","status-publish","hentry"],"yoast_head":"<!-- This site is optimized with the Yoast SEO Premium plugin v24.1 (Yoast SEO v24.1) - https:\/\/yoast.com\/wordpress\/plugins\/seo\/ -->\n<title>\u9690\u79c1\u653f\u7b56 - Anti drone factory<\/title>\n<meta name=\"robots\" content=\"index, follow, max-snippet:-1, max-image-preview:large, max-video-preview:-1\" \/>\n<link rel=\"canonical\" href=\"https:\/\/gaussky.com\/es\/politica-de-privacidad\/\" \/>\n<meta property=\"og:locale\" content=\"es_MX\" \/>\n<meta property=\"og:type\" content=\"article\" \/>\n<meta property=\"og:title\" content=\"\u9690\u79c1\u653f\u7b56\" \/>\n<meta property=\"og:description\" content=\"\u00a0 \u00a0 Who we are Our website is http:\/\/guassky.com. Comments When a visitor leaves a comment, we collect data from [&hellip;]\" \/>\n<meta property=\"og:url\" content=\"https:\/\/gaussky.com\/es\/politica-de-privacidad\/\" \/>\n<meta property=\"og:site_name\" content=\"Anti drone factory\" \/>\n<meta property=\"article:modified_time\" content=\"2024-12-20T03:14:59+00:00\" \/>\n<meta name=\"twitter:card\" content=\"summary_large_image\" \/>\n<meta name=\"twitter:label1\" content=\"Tiempo de lectura\" \/>\n\t<meta name=\"twitter:data1\" content=\"3 minutos\" \/>\n<script type=\"application\/ld+json\" class=\"yoast-schema-graph\">{\"@context\":\"https:\/\/schema.org\",\"@graph\":[{\"@type\":\"WebPage\",\"@id\":\"https:\/\/gaussky.com\/privacy-policy\/\",\"url\":\"https:\/\/gaussky.com\/privacy-policy\/\",\"name\":\"\u9690\u79c1\u653f\u7b56 - Anti drone factory\",\"isPartOf\":{\"@id\":\"https:\/\/gaussky.com\/#website\"},\"datePublished\":\"2024-07-15T02:27:40+00:00\",\"dateModified\":\"2024-12-20T03:14:59+00:00\",\"breadcrumb\":{\"@id\":\"https:\/\/gaussky.com\/privacy-policy\/#breadcrumb\"},\"inLanguage\":\"es\",\"potentialAction\":[{\"@type\":\"ReadAction\",\"target\":[\"https:\/\/gaussky.com\/privacy-policy\/\"]}]},{\"@type\":\"BreadcrumbList\",\"@id\":\"https:\/\/gaussky.com\/privacy-policy\/#breadcrumb\",\"itemListElement\":[{\"@type\":\"ListItem\",\"position\":1,\"name\":\"\u9996\u9875\",\"item\":\"https:\/\/gaussky.com\/\"},{\"@type\":\"ListItem\",\"position\":2,\"name\":\"\u9690\u79c1\u653f\u7b56\"}]},{\"@type\":\"WebSite\",\"@id\":\"https:\/\/gaussky.com\/#website\",\"url\":\"https:\/\/gaussky.com\/\",\"name\":\"Anti drone equipment factory\",\"description\":\"Be your sky protector\",\"publisher\":{\"@id\":\"https:\/\/gaussky.com\/#organization\"},\"potentialAction\":[{\"@type\":\"SearchAction\",\"target\":{\"@type\":\"EntryPoint\",\"urlTemplate\":\"https:\/\/gaussky.com\/?s={search_term_string}\"},\"query-input\":{\"@type\":\"PropertyValueSpecification\",\"valueRequired\":true,\"valueName\":\"search_term_string\"}}],\"inLanguage\":\"es\"},{\"@type\":\"Organization\",\"@id\":\"https:\/\/gaussky.com\/#organization\",\"name\":\"Anti drone equipment factory >Gaussky\",\"url\":\"https:\/\/gaussky.com\/\",\"logo\":{\"@type\":\"ImageObject\",\"inLanguage\":\"es\",\"@id\":\"https:\/\/gaussky.com\/#\/schema\/logo\/image\/\",\"url\":\"https:\/\/gaussky.com\/wp-content\/uploads\/2024\/12\/cropped-logo300_300.png\",\"contentUrl\":\"https:\/\/gaussky.com\/wp-content\/uploads\/2024\/12\/cropped-logo300_300.png\",\"width\":300,\"height\":212,\"caption\":\"Anti drone equipment factory >Gaussky\"},\"image\":{\"@id\":\"https:\/\/gaussky.com\/#\/schema\/logo\/image\/\"}}]}<\/script>\n<!-- \/ Yoast SEO Premium plugin. -->","yoast_head_json":{"title":"\u9690\u79c1\u653f\u7b56 - F\u00e1brica antidrones","robots":{"index":"index","follow":"follow","max-snippet":"max-snippet:-1","max-image-preview":"max-image-preview:large","max-video-preview":"max-video-preview:-1"},"canonical":"https:\/\/gaussky.com\/es\/politica-de-privacidad\/","og_locale":"es_MX","og_type":"article","og_title":"\u9690\u79c1\u653f\u7b56","og_description":"\u00a0 \u00a0 Who we are Our website is http:\/\/guassky.com. Comments When a visitor leaves a comment, we collect data from [&hellip;]","og_url":"https:\/\/gaussky.com\/es\/politica-de-privacidad\/","og_site_name":"Anti drone factory","article_modified_time":"2024-12-20T03:14:59+00:00","twitter_card":"summary_large_image","twitter_misc":{"Tiempo de lectura":"3 minutos"},"schema":{"@context":"https:\/\/schema.org","@graph":[{"@type":"WebPage","@id":"https:\/\/gaussky.com\/privacy-policy\/","url":"https:\/\/gaussky.com\/privacy-policy\/","name":"\u9690\u79c1\u653f\u7b56 - F\u00e1brica antidrones","isPartOf":{"@id":"https:\/\/gaussky.com\/#website"},"datePublished":"2024-07-15T02:27:40+00:00","dateModified":"2024-12-20T03:14:59+00:00","breadcrumb":{"@id":"https:\/\/gaussky.com\/privacy-policy\/#breadcrumb"},"inLanguage":"es","potentialAction":[{"@type":"ReadAction","target":["https:\/\/gaussky.com\/privacy-policy\/"]}]},{"@type":"BreadcrumbList","@id":"https:\/\/gaussky.com\/privacy-policy\/#breadcrumb","itemListElement":[{"@type":"ListItem","position":1,"name":"\u9996\u9875","item":"https:\/\/gaussky.com\/"},{"@type":"ListItem","position":2,"name":"\u9690\u79c1\u653f\u7b56"}]},{"@type":"WebSite","@id":"https:\/\/gaussky.com\/#website","url":"https:\/\/gaussky.com\/","name":"F\u00e1brica de equipos antidrones","description":"S\u00e9 tu protector celeste","publisher":{"@id":"https:\/\/gaussky.com\/#organization"},"potentialAction":[{"@type":"SearchAction","target":{"@type":"EntryPoint","urlTemplate":"https:\/\/gaussky.com\/?s={search_term_string}"},"query-input":{"@type":"PropertyValueSpecification","valueRequired":true,"valueName":"search_term_string"}}],"inLanguage":"es"},{"@type":"Organization","@id":"https:\/\/gaussky.com\/#organization","name":"F\u00e1brica de equipos antidrones &gt;Gaussky","url":"https:\/\/gaussky.com\/","logo":{"@type":"ImageObject","inLanguage":"es","@id":"https:\/\/gaussky.com\/#\/schema\/logo\/image\/","url":"https:\/\/gaussky.com\/wp-content\/uploads\/2024\/12\/cropped-logo300_300.png","contentUrl":"https:\/\/gaussky.com\/wp-content\/uploads\/2024\/12\/cropped-logo300_300.png","width":300,"height":212,"caption":"Anti drone equipment factory >Gaussky"},"image":{"@id":"https:\/\/gaussky.com\/#\/schema\/logo\/image\/"}}]}},"_links":{"self":[{"href":"https:\/\/gaussky.com\/es\/wp-json\/wp\/v2\/pages\/3","targetHints":{"allow":["GET"]}}],"collection":[{"href":"https:\/\/gaussky.com\/es\/wp-json\/wp\/v2\/pages"}],"about":[{"href":"https:\/\/gaussky.com\/es\/wp-json\/wp\/v2\/types\/page"}],"author":[{"embeddable":true,"href":"https:\/\/gaussky.com\/es\/wp-json\/wp\/v2\/users\/1"}],"replies":[{"embeddable":true,"href":"https:\/\/gaussky.com\/es\/wp-json\/wp\/v2\/comments?post=3"}],"version-history":[{"count":0,"href":"https:\/\/gaussky.com\/es\/wp-json\/wp\/v2\/pages\/3\/revisions"}],"wp:attachment":[{"href":"https:\/\/gaussky.com\/es\/wp-json\/wp\/v2\/media?parent=3"}],"curies":[{"name":"wp","href":"https:\/\/api.w.org\/{rel}","templated":true}]}}